{"id":646,"date":"2026-04-21T09:28:27","date_gmt":"2026-04-21T07:28:27","guid":{"rendered":"https:\/\/vlzvvg.lt\/?page_id=646"},"modified":"2026-04-21T10:14:40","modified_gmt":"2026-04-21T08:14:40","slug":"kvietimas-nr-6","status":"publish","type":"page","link":"https:\/\/vlzvvg.lt\/?page_id=646","title":{"rendered":"Kvietimas Nr. 6"},"content":{"rendered":"\n<p>Vidurio Lietuvos \u017euvininkyst\u0117s vietos veiklos grup\u0117 (toliau \u2013 VL\u017dVVG) kvie\u010dia teikti vietos projekt\u0173 \u012fgyvendinimo planus pagal \u201eVidurio Lietuvos \u017euvininkyst\u0117s vietos veiklos grup\u0117s 2023-2029 m. vietos pl\u0117tros strategija\u201e (toliau \u2013 VPS) priemon\u0119 <strong>\u201eInfrastrukt\u016bros pritaikymas visuomen\u0117s poreikiams, \u0161velninant klimato kait\u0105 ir saugant biologin\u0119 \u012fvairov\u0119\u201c Nr. BIVP-3.<\/strong><br><em>Remiamos veiklos:<\/em><\/p>\n\n\n\n<ol start=\"1\" class=\"wp-block-list\">\n<li>Veiklos vie\u0161osios infrastrukt\u016bros sutvarkymui ir pritaikymui vietos gyventoj\u0173 poreikiams.<\/li>\n\n\n\n<li>Veiklos, saugant biologin\u0119 \u012fvairov\u0119, kra\u0161tovaizd\u012f.<\/li>\n\n\n\n<li>Veiklos, \u0161velninan\u010dios klimato kait\u0105.<\/li>\n\n\n\n<li>Veiklos diegiant inovacijas.<\/li>\n\n\n\n<li>Veiklos, skatinan\u010dios gamtos i\u0161tekli\u0173 saugojim\u0105 ir j\u0173 taus\u0173 naudojim\u0105 ir kt.<\/li>\n<\/ol>\n\n\n\n<div class=\"wp-block-columns is-layout-flex wp-container-core-columns-is-layout-28f84493 wp-block-columns-is-layout-flex\">\n<div class=\"wp-block-column is-layout-flow wp-block-column-is-layout-flow\" style=\"flex-basis:100%\">\n<p>                                          <br>Vietos projekt\u0173 \u012fgyvendinimo planus gali teikti: vie\u0161ieji juridiniai asmenys \u2013 bendruomenin\u0117 organizacija ar kita asociacija, nevyriausybin\u0117 organizacija, vie\u0161oji \u012fstaiga, savivaldyb\u0117 ar savivaldyb\u0117s \u012fmon\u0117, registruoti ir vykdantys veikl\u0105 \u017dVVG teritorijoje.<br><strong>Kvietimas teikti vietos projekt\u0173 \u012fgyvendinimo planus galioja nuo 2026 m. baland\u017eio 27 d. iki 2026 m. bir\u017eelio 01 d.<\/strong><br>Vietos projekt\u0173 \u012fgyvendinimo planai ir pridedami dokumentai NMA teikiami naudojantis \u017dem\u0117s \u016bkio ministerijos informacin\u0117s sistemos (toliau \u2013 \u017d\u016aMIS) portalo interneto prieigoje adresu https:\/\/zumis.lt prane\u0161im\u0173 siuntimo funkcionalumu (\u017d\u016aMIS meniu punktas \u201ePrane\u0161imai\u201c).<br>Informacija apie kvietim\u0105 teikti vietos projektus ir vietos projekt\u0173 \u012fgyvendinim\u0105 teikiama darbo dienomis nuo 08:00 val. iki 17:00 val. administracijos darbo patalpose adresu Pramon\u0117s g. 1, Gab\u0161i\u0173 k., Raseini\u0173 r., LT-60192, el. pa\u0161tu: viduriozvvg@gmail.com, telefonais: +370\u00a0674 65632.<\/p>\n\n\n\n<p><br><em>Aktuali dokumentacija:<\/em><\/p>\n\n\n\n<ul class=\"wp-block-list\">\n<li><a href=\"https:\/\/vlzvvg.lt\/?page_id=649\">Nr. 6 forma (FSA 1 priedas).<\/a><\/li>\n\n\n\n<li> <a href=\"https:\/\/vlzvvg.lt\/?page_id=658\">Finansavimo s\u0105lyg\u0173 apra\u0161as.<\/a><\/li>\n\n\n\n<li><a href=\"https:\/\/vlzvvg.lt\/?page_id=652\">Vietos projekto \u012fgyvendinimo plano (P\u012eP) forma (FSA 2 priedas).<\/a><\/li>\n\n\n\n<li><a href=\"https:\/\/vlzvvg.lt\/?page_id=655\">Jungtin\u0117s veiklos (partneryst\u0117s) sutarties forma (FSA 3 priedas).<\/a><br><em>Papildoma dokumentacija:<\/em><\/li>\n\n\n\n<li><a href=\"https:\/\/vlzvvg.lt\/?page_id=671\">VL\u017dVVG visuotinio nari\u0173 susirinkimo d\u0117l kvietimo teikti vietos projekto \u012fgyvendinimo planus Nr. 6 dokumentacijos tvirtinimo protokolas.<\/a><\/li>\n\n\n\n<li><a href=\"https:\/\/www.e-tar.lt\/portal\/lt\/legalAct\/51b225d09d7811eea5a28c81c82193a8\/asr\" target=\"_blank\" rel=\"noreferrer noopener\">Lietuvos \u017euvininkyst\u0117s sektoriaus 2021-2027 met\u0173 programos tre\u010diojo prioriteto \u201eS\u0105lyg\u0173 tvariai m\u0117lynajai ekonomikai pakrant\u0117s rajonuose ir sal\u0173 bei kra\u0161to gilumos vietov\u0117se sudarymas ir \u017evejybos bei akvakult\u016bros bendruomeni\u0173 vystymosi skatinimas\u201c priemon\u0117s \u201eVietos pl\u0117tros strategij\u0173 \u012fgyvendinimas\u201c administravimo taisykl\u0117s<\/a><\/li>\n\n\n\n<li><a href=\"https:\/\/www.e-tar.lt\/portal\/lt\/legalAct\/ebf5be90959511ed8df094f359a60216\" target=\"_blank\" rel=\"noreferrer noopener\">Lietuvos \u017euvininkyst\u0117s sektoriaus 2021-2027 met\u0173 programos tre\u010diojo prioriteto \u201eS\u0105lyg\u0173 tvariai m\u0117lynajai ekonomikai pakrant\u0117s rajonuose ir sal\u0173 bei kra\u0161to gilumos vietov\u0117se sudarymas ir \u017evejybos bei akvakult\u016bros bendruomeni\u0173 vystymosi skatinimas\u201c priemoni\u0173 \u201eVietos pl\u0117tros strategij\u0173 rengimas\u201c ir \u201eVietos pl\u0117tros strategij\u0173 \u012fgyvendinimas\u201c projekt\u0173 finansavimo s\u0105lyg\u0173 apra\u0161as<\/a><\/li>\n\n\n\n<li><a href=\"https:\/\/www.e-tar.lt\/portal\/lt\/legalAct\/06bfc3207a0111edbc04912defe897d1\/asr\" target=\"_blank\" rel=\"noreferrer noopener\">Lietuvos \u017euvininkyst\u0117s sektoriaus 2021-2027 met\u0173 programos administravimo taisykl\u0117s<\/a><\/li>\n<\/ul>\n<\/div>\n<\/div>\n\n\n\n<ul class=\"wp-block-list\">\n<li><a href=\"https:\/\/www.e-tar.lt\/portal\/lt\/legalAct\/cbfa4c4011e711ee9f7ec2ffce8b47bc\" target=\"_blank\" rel=\"noreferrer noopener\">Lietuvos \u017euvininkyst\u0117s sektoriaus 2021-2027 met\u0173 programos projekt\u0173 finansavimo ir administravimo taisykl\u0117s<\/a><\/li>\n<\/ul>\n\n\n\n<ul class=\"wp-block-list\">\n<li> <a href=\"https:\/\/e-seimas.lrs.lt\/portal\/legalAct\/lt\/TAD\/fc669af2ca8411ed9b3c9397e1236c2a?jfwid=fhhu5mmk9\" target=\"_blank\" rel=\"noreferrer noopener\">Projekt\u0173 inovatyvumo vertinimo metodika<\/a><\/li>\n<\/ul>\n\n\n\n<p><\/p>\n","protected":false},"excerpt":{"rendered":"<p>Vidurio Lietuvos \u017euvininkyst\u0117s vietos veiklos grup\u0117 (toliau \u2013 VL\u017dVVG) kvie\u010dia teikti vietos projekt\u0173 \u012fgyvendinimo planus pagal \u201eVidurio Lietuvos \u017euvininkyst\u0117s vietos veiklos grup\u0117s 2023-2029 m. vietos pl\u0117tros strategija\u201e (toliau \u2013 VPS) priemon\u0119 \u201eInfrastrukt\u016bros pritaikymas visuomen\u0117s poreikiams, \u0161velninant klimato kait\u0105 ir saugant biologin\u0119 \u012fvairov\u0119\u201c Nr. BIVP-3.Remiamos veiklos: Vietos projekt\u0173 \u012fgyvendinimo planus gali teikti: vie\u0161ieji juridiniai asmenys \u2013&#8230;<\/p>\n","protected":false},"author":1,"featured_media":0,"parent":0,"menu_order":0,"comment_status":"closed","ping_status":"closed","template":"","meta":{"footnotes":""},"class_list":["post-646","page","type-page","status-publish","hentry"],"yoast_head":"<!-- This site is optimized with the Yoast SEO plugin v21.4 - https:\/\/yoast.com\/wordpress\/plugins\/seo\/ -->\n<title>Kvietimas Nr. 6 - Vidurio Lietuvos \u017euvininkyst\u0117s vietos veiklos grup\u0117<\/title>\n<meta name=\"robots\" content=\"index, follow, max-snippet:-1, max-image-preview:large, max-video-preview:-1\" \/>\n<link rel=\"canonical\" href=\"https:\/\/vlzvvg.lt\/?page_id=646\" \/>\n<meta property=\"og:locale\" content=\"lt_LT\" \/>\n<meta property=\"og:type\" content=\"article\" \/>\n<meta property=\"og:title\" content=\"Kvietimas Nr. 6 - Vidurio Lietuvos \u017euvininkyst\u0117s vietos veiklos grup\u0117\" \/>\n<meta property=\"og:description\" content=\"Vidurio Lietuvos \u017euvininkyst\u0117s vietos veiklos grup\u0117 (toliau \u2013 VL\u017dVVG) kvie\u010dia teikti vietos projekt\u0173 \u012fgyvendinimo planus pagal \u201eVidurio Lietuvos \u017euvininkyst\u0117s vietos veiklos grup\u0117s 2023-2029 m. vietos pl\u0117tros strategija\u201e (toliau \u2013 VPS) priemon\u0119 \u201eInfrastrukt\u016bros pritaikymas visuomen\u0117s poreikiams, \u0161velninant klimato kait\u0105 ir saugant biologin\u0119 \u012fvairov\u0119\u201c Nr. BIVP-3.Remiamos veiklos: Vietos projekt\u0173 \u012fgyvendinimo planus gali teikti: vie\u0161ieji juridiniai asmenys \u2013...\" \/>\n<meta property=\"og:url\" content=\"https:\/\/vlzvvg.lt\/?page_id=646\" \/>\n<meta property=\"og:site_name\" content=\"Vidurio Lietuvos \u017euvininkyst\u0117s vietos veiklos grup\u0117\" \/>\n<meta property=\"article:modified_time\" content=\"2026-04-21T08:14:40+00:00\" \/>\n<meta name=\"twitter:card\" content=\"summary_large_image\" \/>\n<meta name=\"twitter:label1\" content=\"Est. reading time\" \/>\n\t<meta name=\"twitter:data1\" content=\"2 minut\u0117s\" \/>\n<script type=\"application\/ld+json\" class=\"yoast-schema-graph\">{\"@context\":\"https:\/\/schema.org\",\"@graph\":[{\"@type\":\"WebPage\",\"@id\":\"https:\/\/vlzvvg.lt\/?page_id=646\",\"url\":\"https:\/\/vlzvvg.lt\/?page_id=646\",\"name\":\"Kvietimas Nr. 6 - Vidurio Lietuvos \u017euvininkyst\u0117s vietos veiklos grup\u0117\",\"isPartOf\":{\"@id\":\"https:\/\/vlzvvg.lt\/#website\"},\"datePublished\":\"2026-04-21T07:28:27+00:00\",\"dateModified\":\"2026-04-21T08:14:40+00:00\",\"breadcrumb\":{\"@id\":\"https:\/\/vlzvvg.lt\/?page_id=646#breadcrumb\"},\"inLanguage\":\"lt-LT\",\"potentialAction\":[{\"@type\":\"ReadAction\",\"target\":[\"https:\/\/vlzvvg.lt\/?page_id=646\"]}]},{\"@type\":\"BreadcrumbList\",\"@id\":\"https:\/\/vlzvvg.lt\/?page_id=646#breadcrumb\",\"itemListElement\":[{\"@type\":\"ListItem\",\"position\":1,\"name\":\"Home\",\"item\":\"https:\/\/vlzvvg.lt\/\"},{\"@type\":\"ListItem\",\"position\":2,\"name\":\"Kvietimas Nr. 6\"}]},{\"@type\":\"WebSite\",\"@id\":\"https:\/\/vlzvvg.lt\/#website\",\"url\":\"https:\/\/vlzvvg.lt\/\",\"name\":\"Vidurio Lietuvos \u017euvininkyst\u0117s vietos veiklos grup\u0117\",\"description\":\"\",\"alternateName\":\"vlzvvg\",\"potentialAction\":[{\"@type\":\"SearchAction\",\"target\":{\"@type\":\"EntryPoint\",\"urlTemplate\":\"https:\/\/vlzvvg.lt\/?s={search_term_string}\"},\"query-input\":\"required name=search_term_string\"}],\"inLanguage\":\"lt-LT\"}]}<\/script>\n<!-- \/ Yoast SEO plugin. -->","yoast_head_json":{"title":"Kvietimas Nr. 6 - Vidurio Lietuvos \u017euvininkyst\u0117s vietos veiklos grup\u0117","robots":{"index":"index","follow":"follow","max-snippet":"max-snippet:-1","max-image-preview":"max-image-preview:large","max-video-preview":"max-video-preview:-1"},"canonical":"https:\/\/vlzvvg.lt\/?page_id=646","og_locale":"lt_LT","og_type":"article","og_title":"Kvietimas Nr. 6 - Vidurio Lietuvos \u017euvininkyst\u0117s vietos veiklos grup\u0117","og_description":"Vidurio Lietuvos \u017euvininkyst\u0117s vietos veiklos grup\u0117 (toliau \u2013 VL\u017dVVG) kvie\u010dia teikti vietos projekt\u0173 \u012fgyvendinimo planus pagal \u201eVidurio Lietuvos \u017euvininkyst\u0117s vietos veiklos grup\u0117s 2023-2029 m. vietos pl\u0117tros strategija\u201e (toliau \u2013 VPS) priemon\u0119 \u201eInfrastrukt\u016bros pritaikymas visuomen\u0117s poreikiams, \u0161velninant klimato kait\u0105 ir saugant biologin\u0119 \u012fvairov\u0119\u201c Nr. BIVP-3.Remiamos veiklos: Vietos projekt\u0173 \u012fgyvendinimo planus gali teikti: vie\u0161ieji juridiniai asmenys \u2013...","og_url":"https:\/\/vlzvvg.lt\/?page_id=646","og_site_name":"Vidurio Lietuvos \u017euvininkyst\u0117s vietos veiklos grup\u0117","article_modified_time":"2026-04-21T08:14:40+00:00","twitter_card":"summary_large_image","twitter_misc":{"Est. reading time":"2 minut\u0117s"},"schema":{"@context":"https:\/\/schema.org","@graph":[{"@type":"WebPage","@id":"https:\/\/vlzvvg.lt\/?page_id=646","url":"https:\/\/vlzvvg.lt\/?page_id=646","name":"Kvietimas Nr. 6 - Vidurio Lietuvos \u017euvininkyst\u0117s vietos veiklos grup\u0117","isPartOf":{"@id":"https:\/\/vlzvvg.lt\/#website"},"datePublished":"2026-04-21T07:28:27+00:00","dateModified":"2026-04-21T08:14:40+00:00","breadcrumb":{"@id":"https:\/\/vlzvvg.lt\/?page_id=646#breadcrumb"},"inLanguage":"lt-LT","potentialAction":[{"@type":"ReadAction","target":["https:\/\/vlzvvg.lt\/?page_id=646"]}]},{"@type":"BreadcrumbList","@id":"https:\/\/vlzvvg.lt\/?page_id=646#breadcrumb","itemListElement":[{"@type":"ListItem","position":1,"name":"Home","item":"https:\/\/vlzvvg.lt\/"},{"@type":"ListItem","position":2,"name":"Kvietimas Nr. 6"}]},{"@type":"WebSite","@id":"https:\/\/vlzvvg.lt\/#website","url":"https:\/\/vlzvvg.lt\/","name":"Vidurio Lietuvos \u017euvininkyst\u0117s vietos veiklos grup\u0117","description":"","alternateName":"vlzvvg","potentialAction":[{"@type":"SearchAction","target":{"@type":"EntryPoint","urlTemplate":"https:\/\/vlzvvg.lt\/?s={search_term_string}"},"query-input":"required name=search_term_string"}],"inLanguage":"lt-LT"}]}},"_links":{"self":[{"href":"https:\/\/vlzvvg.lt\/index.php?rest_route=\/wp\/v2\/pages\/646","targetHints":{"allow":["GET"]}}],"collection":[{"href":"https:\/\/vlzvvg.lt\/index.php?rest_route=\/wp\/v2\/pages"}],"about":[{"href":"https:\/\/vlzvvg.lt\/index.php?rest_route=\/wp\/v2\/types\/page"}],"author":[{"embeddable":true,"href":"https:\/\/vlzvvg.lt\/index.php?rest_route=\/wp\/v2\/users\/1"}],"replies":[{"embeddable":true,"href":"https:\/\/vlzvvg.lt\/index.php?rest_route=%2Fwp%2Fv2%2Fcomments&post=646"}],"version-history":[{"count":8,"href":"https:\/\/vlzvvg.lt\/index.php?rest_route=\/wp\/v2\/pages\/646\/revisions"}],"predecessor-version":[{"id":677,"href":"https:\/\/vlzvvg.lt\/index.php?rest_route=\/wp\/v2\/pages\/646\/revisions\/677"}],"wp:attachment":[{"href":"https:\/\/vlzvvg.lt\/index.php?rest_route=%2Fwp%2Fv2%2Fmedia&parent=646"}],"curies":[{"name":"wp","href":"https:\/\/api.w.org\/{rel}","templated":true}]}}