{"id":627,"date":"2026-02-23T09:53:28","date_gmt":"2026-02-23T07:53:28","guid":{"rendered":"https:\/\/vlzvvg.lt\/?page_id=627"},"modified":"2026-02-23T09:53:28","modified_gmt":"2026-02-23T07:53:28","slug":"informacija-apie-vps-vykdytojos-atstovavima-uzsienio-renginiuose","status":"publish","type":"page","link":"https:\/\/vlzvvg.lt\/?page_id=627","title":{"rendered":"Informacija apie VPS vykdytojos atstovavim\u0105 u\u017esienio renginiuose"},"content":{"rendered":"","protected":false},"excerpt":{"rendered":"","protected":false},"author":1,"featured_media":0,"parent":0,"menu_order":0,"comment_status":"closed","ping_status":"closed","template":"","meta":{"footnotes":""},"class_list":["post-627","page","type-page","status-publish","hentry"],"yoast_head":"<!-- This site is optimized with the Yoast SEO plugin v21.4 - https:\/\/yoast.com\/wordpress\/plugins\/seo\/ -->\n<title>Informacija apie VPS vykdytojos atstovavim\u0105 u\u017esienio renginiuose - Vidurio Lietuvos \u017euvininkyst\u0117s vietos veiklos grup\u0117<\/title>\n<meta name=\"robots\" content=\"index, follow, max-snippet:-1, max-image-preview:large, max-video-preview:-1\" \/>\n<link rel=\"canonical\" href=\"https:\/\/vlzvvg.lt\/?page_id=627\" \/>\n<meta property=\"og:locale\" content=\"lt_LT\" \/>\n<meta property=\"og:type\" content=\"article\" \/>\n<meta property=\"og:title\" content=\"Informacija apie VPS vykdytojos atstovavim\u0105 u\u017esienio renginiuose - Vidurio Lietuvos \u017euvininkyst\u0117s vietos veiklos grup\u0117\" \/>\n<meta property=\"og:url\" content=\"https:\/\/vlzvvg.lt\/?page_id=627\" \/>\n<meta property=\"og:site_name\" content=\"Vidurio Lietuvos \u017euvininkyst\u0117s vietos veiklos grup\u0117\" \/>\n<meta name=\"twitter:card\" content=\"summary_large_image\" \/>\n<script type=\"application\/ld+json\" class=\"yoast-schema-graph\">{\"@context\":\"https:\/\/schema.org\",\"@graph\":[{\"@type\":\"WebPage\",\"@id\":\"https:\/\/vlzvvg.lt\/?page_id=627\",\"url\":\"https:\/\/vlzvvg.lt\/?page_id=627\",\"name\":\"Informacija apie VPS vykdytojos atstovavim\u0105 u\u017esienio renginiuose - Vidurio Lietuvos \u017euvininkyst\u0117s vietos veiklos grup\u0117\",\"isPartOf\":{\"@id\":\"https:\/\/vlzvvg.lt\/#website\"},\"datePublished\":\"2026-02-23T07:53:28+00:00\",\"dateModified\":\"2026-02-23T07:53:28+00:00\",\"breadcrumb\":{\"@id\":\"https:\/\/vlzvvg.lt\/?page_id=627#breadcrumb\"},\"inLanguage\":\"lt-LT\",\"potentialAction\":[{\"@type\":\"ReadAction\",\"target\":[\"https:\/\/vlzvvg.lt\/?page_id=627\"]}]},{\"@type\":\"BreadcrumbList\",\"@id\":\"https:\/\/vlzvvg.lt\/?page_id=627#breadcrumb\",\"itemListElement\":[{\"@type\":\"ListItem\",\"position\":1,\"name\":\"Home\",\"item\":\"https:\/\/vlzvvg.lt\/\"},{\"@type\":\"ListItem\",\"position\":2,\"name\":\"Informacija apie VPS vykdytojos atstovavim\u0105 u\u017esienio renginiuose\"}]},{\"@type\":\"WebSite\",\"@id\":\"https:\/\/vlzvvg.lt\/#website\",\"url\":\"https:\/\/vlzvvg.lt\/\",\"name\":\"Vidurio Lietuvos \u017euvininkyst\u0117s vietos veiklos grup\u0117\",\"description\":\"\",\"alternateName\":\"vlzvvg\",\"potentialAction\":[{\"@type\":\"SearchAction\",\"target\":{\"@type\":\"EntryPoint\",\"urlTemplate\":\"https:\/\/vlzvvg.lt\/?s={search_term_string}\"},\"query-input\":\"required name=search_term_string\"}],\"inLanguage\":\"lt-LT\"}]}<\/script>\n<!-- \/ Yoast SEO plugin. -->","yoast_head_json":{"title":"Informacija apie VPS vykdytojos atstovavim\u0105 u\u017esienio renginiuose - Vidurio Lietuvos \u017euvininkyst\u0117s vietos veiklos grup\u0117","robots":{"index":"index","follow":"follow","max-snippet":"max-snippet:-1","max-image-preview":"max-image-preview:large","max-video-preview":"max-video-preview:-1"},"canonical":"https:\/\/vlzvvg.lt\/?page_id=627","og_locale":"lt_LT","og_type":"article","og_title":"Informacija apie VPS vykdytojos atstovavim\u0105 u\u017esienio renginiuose - Vidurio Lietuvos \u017euvininkyst\u0117s vietos veiklos grup\u0117","og_url":"https:\/\/vlzvvg.lt\/?page_id=627","og_site_name":"Vidurio Lietuvos \u017euvininkyst\u0117s vietos veiklos grup\u0117","twitter_card":"summary_large_image","schema":{"@context":"https:\/\/schema.org","@graph":[{"@type":"WebPage","@id":"https:\/\/vlzvvg.lt\/?page_id=627","url":"https:\/\/vlzvvg.lt\/?page_id=627","name":"Informacija apie VPS vykdytojos atstovavim\u0105 u\u017esienio renginiuose - Vidurio Lietuvos \u017euvininkyst\u0117s vietos veiklos grup\u0117","isPartOf":{"@id":"https:\/\/vlzvvg.lt\/#website"},"datePublished":"2026-02-23T07:53:28+00:00","dateModified":"2026-02-23T07:53:28+00:00","breadcrumb":{"@id":"https:\/\/vlzvvg.lt\/?page_id=627#breadcrumb"},"inLanguage":"lt-LT","potentialAction":[{"@type":"ReadAction","target":["https:\/\/vlzvvg.lt\/?page_id=627"]}]},{"@type":"BreadcrumbList","@id":"https:\/\/vlzvvg.lt\/?page_id=627#breadcrumb","itemListElement":[{"@type":"ListItem","position":1,"name":"Home","item":"https:\/\/vlzvvg.lt\/"},{"@type":"ListItem","position":2,"name":"Informacija apie VPS vykdytojos atstovavim\u0105 u\u017esienio renginiuose"}]},{"@type":"WebSite","@id":"https:\/\/vlzvvg.lt\/#website","url":"https:\/\/vlzvvg.lt\/","name":"Vidurio Lietuvos \u017euvininkyst\u0117s vietos veiklos grup\u0117","description":"","alternateName":"vlzvvg","potentialAction":[{"@type":"SearchAction","target":{"@type":"EntryPoint","urlTemplate":"https:\/\/vlzvvg.lt\/?s={search_term_string}"},"query-input":"required name=search_term_string"}],"inLanguage":"lt-LT"}]}},"_links":{"self":[{"href":"https:\/\/vlzvvg.lt\/index.php?rest_route=\/wp\/v2\/pages\/627","targetHints":{"allow":["GET"]}}],"collection":[{"href":"https:\/\/vlzvvg.lt\/index.php?rest_route=\/wp\/v2\/pages"}],"about":[{"href":"https:\/\/vlzvvg.lt\/index.php?rest_route=\/wp\/v2\/types\/page"}],"author":[{"embeddable":true,"href":"https:\/\/vlzvvg.lt\/index.php?rest_route=\/wp\/v2\/users\/1"}],"replies":[{"embeddable":true,"href":"https:\/\/vlzvvg.lt\/index.php?rest_route=%2Fwp%2Fv2%2Fcomments&post=627"}],"version-history":[{"count":1,"href":"https:\/\/vlzvvg.lt\/index.php?rest_route=\/wp\/v2\/pages\/627\/revisions"}],"predecessor-version":[{"id":628,"href":"https:\/\/vlzvvg.lt\/index.php?rest_route=\/wp\/v2\/pages\/627\/revisions\/628"}],"wp:attachment":[{"href":"https:\/\/vlzvvg.lt\/index.php?rest_route=%2Fwp%2Fv2%2Fmedia&parent=627"}],"curies":[{"name":"wp","href":"https:\/\/api.w.org\/{rel}","templated":true}]}}