{"id":614,"date":"2026-02-02T09:43:21","date_gmt":"2026-02-02T07:43:21","guid":{"rendered":"https:\/\/vlzvvg.lt\/?page_id=614"},"modified":"2026-02-02T09:43:22","modified_gmt":"2026-02-02T07:43:22","slug":"2026-01-29","status":"publish","type":"page","link":"https:\/\/vlzvvg.lt\/?page_id=614","title":{"rendered":"2026 01 29"},"content":{"rendered":"\n<div data-wp-interactive=\"core\/file\" class=\"wp-block-file\"><object data-wp-bind--hidden=\"!state.hasPdfPreview\" hidden class=\"wp-block-file__embed\" data=\"https:\/\/vlzvvg.lt\/wp-content\/uploads\/2026\/02\/Valdybos-posedzio-protokolas.pdf\" type=\"application\/pdf\" style=\"width:100%;height:600px\" aria-label=\"Valdybos pos\u0117d\u017eio protokolas \u012fterpimas.\"><\/object><a id=\"wp-block-file--media-98077a33-1c03-49f2-ac19-af58fa43917a\" href=\"https:\/\/vlzvvg.lt\/wp-content\/uploads\/2026\/02\/Valdybos-posedzio-protokolas.pdf\">Valdybos pos\u0117d\u017eio protokolas<\/a><a href=\"https:\/\/vlzvvg.lt\/wp-content\/uploads\/2026\/02\/Valdybos-posedzio-protokolas.pdf\" class=\"wp-block-file__button wp-element-button\" download aria-describedby=\"wp-block-file--media-98077a33-1c03-49f2-ac19-af58fa43917a\">Parsisi\u0173sti<\/a><\/div>\n","protected":false},"excerpt":{"rendered":"","protected":false},"author":1,"featured_media":0,"parent":0,"menu_order":0,"comment_status":"closed","ping_status":"closed","template":"","meta":{"footnotes":""},"class_list":["post-614","page","type-page","status-publish","hentry"],"yoast_head":"<!-- This site is optimized with the Yoast SEO plugin v21.4 - https:\/\/yoast.com\/wordpress\/plugins\/seo\/ -->\n<title>2026 01 29 - Vidurio Lietuvos \u017euvininkyst\u0117s vietos veiklos grup\u0117<\/title>\n<meta name=\"robots\" content=\"index, follow, max-snippet:-1, max-image-preview:large, max-video-preview:-1\" \/>\n<link rel=\"canonical\" href=\"https:\/\/vlzvvg.lt\/?page_id=614\" \/>\n<meta property=\"og:locale\" content=\"lt_LT\" \/>\n<meta property=\"og:type\" content=\"article\" \/>\n<meta property=\"og:title\" content=\"2026 01 29 - Vidurio Lietuvos \u017euvininkyst\u0117s vietos veiklos grup\u0117\" \/>\n<meta property=\"og:url\" content=\"https:\/\/vlzvvg.lt\/?page_id=614\" \/>\n<meta property=\"og:site_name\" content=\"Vidurio Lietuvos \u017euvininkyst\u0117s vietos veiklos grup\u0117\" \/>\n<meta property=\"article:modified_time\" content=\"2026-02-02T07:43:22+00:00\" \/>\n<meta name=\"twitter:card\" content=\"summary_large_image\" \/>\n<meta name=\"twitter:label1\" content=\"Est. reading time\" \/>\n\t<meta name=\"twitter:data1\" content=\"1 minut\u0117\" \/>\n<script type=\"application\/ld+json\" class=\"yoast-schema-graph\">{\"@context\":\"https:\/\/schema.org\",\"@graph\":[{\"@type\":\"WebPage\",\"@id\":\"https:\/\/vlzvvg.lt\/?page_id=614\",\"url\":\"https:\/\/vlzvvg.lt\/?page_id=614\",\"name\":\"2026 01 29 - Vidurio Lietuvos \u017euvininkyst\u0117s vietos veiklos grup\u0117\",\"isPartOf\":{\"@id\":\"https:\/\/vlzvvg.lt\/#website\"},\"datePublished\":\"2026-02-02T07:43:21+00:00\",\"dateModified\":\"2026-02-02T07:43:22+00:00\",\"breadcrumb\":{\"@id\":\"https:\/\/vlzvvg.lt\/?page_id=614#breadcrumb\"},\"inLanguage\":\"lt-LT\",\"potentialAction\":[{\"@type\":\"ReadAction\",\"target\":[\"https:\/\/vlzvvg.lt\/?page_id=614\"]}]},{\"@type\":\"BreadcrumbList\",\"@id\":\"https:\/\/vlzvvg.lt\/?page_id=614#breadcrumb\",\"itemListElement\":[{\"@type\":\"ListItem\",\"position\":1,\"name\":\"Home\",\"item\":\"https:\/\/vlzvvg.lt\/\"},{\"@type\":\"ListItem\",\"position\":2,\"name\":\"2026 01 29\"}]},{\"@type\":\"WebSite\",\"@id\":\"https:\/\/vlzvvg.lt\/#website\",\"url\":\"https:\/\/vlzvvg.lt\/\",\"name\":\"Vidurio Lietuvos \u017euvininkyst\u0117s vietos veiklos grup\u0117\",\"description\":\"\",\"alternateName\":\"vlzvvg\",\"potentialAction\":[{\"@type\":\"SearchAction\",\"target\":{\"@type\":\"EntryPoint\",\"urlTemplate\":\"https:\/\/vlzvvg.lt\/?s={search_term_string}\"},\"query-input\":\"required name=search_term_string\"}],\"inLanguage\":\"lt-LT\"}]}<\/script>\n<!-- \/ Yoast SEO plugin. -->","yoast_head_json":{"title":"2026 01 29 - Vidurio Lietuvos \u017euvininkyst\u0117s vietos veiklos grup\u0117","robots":{"index":"index","follow":"follow","max-snippet":"max-snippet:-1","max-image-preview":"max-image-preview:large","max-video-preview":"max-video-preview:-1"},"canonical":"https:\/\/vlzvvg.lt\/?page_id=614","og_locale":"lt_LT","og_type":"article","og_title":"2026 01 29 - Vidurio Lietuvos \u017euvininkyst\u0117s vietos veiklos grup\u0117","og_url":"https:\/\/vlzvvg.lt\/?page_id=614","og_site_name":"Vidurio Lietuvos \u017euvininkyst\u0117s vietos veiklos grup\u0117","article_modified_time":"2026-02-02T07:43:22+00:00","twitter_card":"summary_large_image","twitter_misc":{"Est. reading time":"1 minut\u0117"},"schema":{"@context":"https:\/\/schema.org","@graph":[{"@type":"WebPage","@id":"https:\/\/vlzvvg.lt\/?page_id=614","url":"https:\/\/vlzvvg.lt\/?page_id=614","name":"2026 01 29 - Vidurio Lietuvos \u017euvininkyst\u0117s vietos veiklos grup\u0117","isPartOf":{"@id":"https:\/\/vlzvvg.lt\/#website"},"datePublished":"2026-02-02T07:43:21+00:00","dateModified":"2026-02-02T07:43:22+00:00","breadcrumb":{"@id":"https:\/\/vlzvvg.lt\/?page_id=614#breadcrumb"},"inLanguage":"lt-LT","potentialAction":[{"@type":"ReadAction","target":["https:\/\/vlzvvg.lt\/?page_id=614"]}]},{"@type":"BreadcrumbList","@id":"https:\/\/vlzvvg.lt\/?page_id=614#breadcrumb","itemListElement":[{"@type":"ListItem","position":1,"name":"Home","item":"https:\/\/vlzvvg.lt\/"},{"@type":"ListItem","position":2,"name":"2026 01 29"}]},{"@type":"WebSite","@id":"https:\/\/vlzvvg.lt\/#website","url":"https:\/\/vlzvvg.lt\/","name":"Vidurio Lietuvos \u017euvininkyst\u0117s vietos veiklos grup\u0117","description":"","alternateName":"vlzvvg","potentialAction":[{"@type":"SearchAction","target":{"@type":"EntryPoint","urlTemplate":"https:\/\/vlzvvg.lt\/?s={search_term_string}"},"query-input":"required name=search_term_string"}],"inLanguage":"lt-LT"}]}},"_links":{"self":[{"href":"https:\/\/vlzvvg.lt\/index.php?rest_route=\/wp\/v2\/pages\/614","targetHints":{"allow":["GET"]}}],"collection":[{"href":"https:\/\/vlzvvg.lt\/index.php?rest_route=\/wp\/v2\/pages"}],"about":[{"href":"https:\/\/vlzvvg.lt\/index.php?rest_route=\/wp\/v2\/types\/page"}],"author":[{"embeddable":true,"href":"https:\/\/vlzvvg.lt\/index.php?rest_route=\/wp\/v2\/users\/1"}],"replies":[{"embeddable":true,"href":"https:\/\/vlzvvg.lt\/index.php?rest_route=%2Fwp%2Fv2%2Fcomments&post=614"}],"version-history":[{"count":1,"href":"https:\/\/vlzvvg.lt\/index.php?rest_route=\/wp\/v2\/pages\/614\/revisions"}],"predecessor-version":[{"id":616,"href":"https:\/\/vlzvvg.lt\/index.php?rest_route=\/wp\/v2\/pages\/614\/revisions\/616"}],"wp:attachment":[{"href":"https:\/\/vlzvvg.lt\/index.php?rest_route=%2Fwp%2Fv2%2Fmedia&parent=614"}],"curies":[{"name":"wp","href":"https:\/\/api.w.org\/{rel}","templated":true}]}}