{"id":42,"date":"2023-10-09T13:58:14","date_gmt":"2023-10-09T11:58:14","guid":{"rendered":"https:\/\/vlzvvg.lt\/?page_id=42"},"modified":"2026-02-23T09:43:09","modified_gmt":"2026-02-23T07:43:09","slug":"nariai","status":"publish","type":"page","link":"https:\/\/vlzvvg.lt\/?page_id=42","title":{"rendered":"Nariai"},"content":{"rendered":"\n<p>VL\u017dVVG auk\u0161\u010diausias valdymo organas yra visuotinis nari\u0173 susirinkimas, kur\u012f sudaro 21 narys. Pagal atstovaujamus sektorius VL\u017dVVG nariai pasiskirsto taip: 38,10 proc. nari\u0173 (8 nariai) atstovauja pilietin\u0117s visuomen\u0117s sektori\u0173, 33,33 proc. nari\u0173 (7 nariai) atstovauja \u017euvininkyst\u0117s verslo sektori\u0173 ir 28,57 proc. nari\u0173 (6 nariai) atstovauja vietos vald\u017eios sektori\u0173.<\/p>\n\n\n\n<h5 class=\"wp-block-heading\"><strong>VL\u017dVVG VISUOTINIS NARI\u0172 S\u0104RA\u0160AS<\/strong><\/h5>\n\n\n<p style=\"text-align: left;\"><strong>Pilietin\u0117s visuomen\u0117s sektorius, 38,10 proc.<\/strong><\/p>\n<ol style=\"text-align: left;\">\n<li>Ar\u016bnas Glebauskas<\/li>\n<li>Jolita Pransk\u016bnien\u0117<\/li>\n<li>Edgaras Orlovas<\/li>\n<li>Viktorija \u0160ink\u016bnien\u0117<\/li>\n<li>Laima Pilipavi\u010dien\u0117<\/li>\n<li>Danguol\u0117 \u017dyvatkauskien\u0117<\/li>\n<li>Irma Petrokaitien\u0117<\/li>\n<li>Rolandas Baltru\u0161aitis<\/li>\n<\/ol>\n<p style=\"text-align: left;\"><strong>\u017duvininkyst\u0117s verslo sektorius, 33,33 proc.<\/strong><\/p>\n<ol style=\"text-align: left;\" start=\"9\">\n<li>Arvydas \u0160urkus<\/li>\n<li>Andrius Luko\u0161ius<\/li>\n<li>Ana Usel<\/li>\n<li>Raimundas Arlauskas<\/li>\n<li>Eivilas Norkus<\/li>\n<li>Antanas Grigalavi\u010dius<\/li>\n<li>Karolis Lukminas<\/li>\n<\/ol>\n<p style=\"text-align: left;\"><strong>Vietos vald\u017eios sektorius, 28,57 proc.<\/strong><\/p>\n<ol style=\"text-align: left;\" start=\"16\">\n<li>Albertas Narvidas<\/li>\n<li>Jonas Mar\u010diukaitis<\/li>\n<li>Egl\u0117 Pi\u0161kinait\u0117<\/li>\n<li>Linas Lazauskas<\/li>\n<li>Asta Tamonien\u0117<\/li>\n<li>Vilma Kundrotien\u0117<\/li>\n<\/ol>\n<p style=\"text-align: left;\"><strong>VL\u017dVVG kolegialus valdymo organas \u2013 valdyba \u2013 susideda i\u0161 20 asmen\u0173, atstovaujan\u010di\u0173 skirtingus sektorius:<\/strong><\/p>\n<ul style=\"text-align: left;\">\n<li>40,00 proc. valdybos nari\u0173 (8 valdybos nariai) atstovauja pilietin\u0117s visuomen\u0117s sektori\u0173, 30,00 proc. valdybos nari\u0173 (6 valdybos nariai) atstovauja \u017euvininkyst\u0117s verslo sektori\u0173, ir 30,00 proc. valdybos nari\u0173 (6 valdybos nariai) atstovauja vietos vald\u017eios sektori\u0173.<\/li>\n<li>VL\u017dVVG valdyboje i\u0161laikyta ly\u010di\u0173 pusiausvyra: 45,00 proc. valdybos sudaro moterys (9 valdybos nariai) ir 55,00 proc. vyrai (11 valdybos nari\u0173).<\/li>\n<li>Jaunimo atstovai sudaro 25,00 proc. (5 valdybos nariai iki 40 m. am\u017eiaus).<\/li>\n<\/ul>\n<p style=\"text-align: left;\"><strong> VL\u017dVVG\u00a0VALDYBOS NARI\u0172 S\u0104RA\u0160AS<\/strong><\/p>\n<p style=\"text-align: left;\"><strong>Pilietin\u0117s visuomen\u0117s sektorius, 40,00 proc.<\/strong><\/p>\n<ol>\n<li style=\"text-align: left;\">Ar\u016bnas Glebauskas<\/li>\n<li style=\"text-align: left;\">Jolita Pransk\u016bnien\u0117<\/li>\n<li style=\"text-align: left;\">Edgaras Orlovas<\/li>\n<li style=\"text-align: left;\">Viktorija \u0160ink\u016bnien\u0117<\/li>\n<li style=\"text-align: left;\">Laima Pilipavi\u010dien\u0117<\/li>\n<li style=\"text-align: left;\">Danguol\u0117 \u017dyvatkauskien\u0117<\/li>\n<li style=\"text-align: left;\">Irma Petrokaitien\u0117<\/li>\n<li style=\"text-align: left;\">Rolandas Baltru\u0161aitis<\/li>\n<\/ol>\n<p><strong>\u017duvininkyst\u0117s verslo sektorius, 30,00 proc.<\/strong><\/p>\n<ol start=\"9\">\n<li>Karolis Lukminas<\/li>\n<li>Andrius Luko\u0161ius<\/li>\n<li>Ana Usel<\/li>\n<li>Raimundas Arlauskas<\/li>\n<li>Eivilas Norkus<\/li>\n<li>Antanas Grigalavi\u010dius<\/li>\n<\/ol>\n<p><strong>Vietos vald\u017eios sektorius, 30,00 proc.<\/strong><\/p>\n<ol start=\"15\">\n<li>Albertas Narvidas<\/li>\n<li>Jonas Mar\u010diukaitis<\/li>\n<li>Egl\u0117 Pi\u0161kinait\u0117<\/li>\n<li>Linas Lazauskas<\/li>\n<li>Asta Tamonien\u0117<\/li>\n<li>Vilma Kundrotien\u0117<\/li>\n<\/ol>\n\n\n<p><\/p>\n","protected":false},"excerpt":{"rendered":"<p>VL\u017dVVG auk\u0161\u010diausias valdymo organas yra visuotinis nari\u0173 susirinkimas, kur\u012f sudaro 21 narys. Pagal atstovaujamus sektorius VL\u017dVVG nariai pasiskirsto taip: 38,10 proc. nari\u0173 (8 nariai) atstovauja pilietin\u0117s visuomen\u0117s sektori\u0173, 33,33 proc. nari\u0173 (7 nariai) atstovauja \u017euvininkyst\u0117s verslo sektori\u0173 ir 28,57 proc. nari\u0173 (6 nariai) atstovauja vietos vald\u017eios sektori\u0173. VL\u017dVVG VISUOTINIS NARI\u0172 S\u0104RA\u0160AS Pilietin\u0117s visuomen\u0117s sektorius, 38,10&#8230;<\/p>\n","protected":false},"author":1,"featured_media":0,"parent":0,"menu_order":0,"comment_status":"closed","ping_status":"closed","template":"","meta":{"footnotes":"[]"},"class_list":["post-42","page","type-page","status-publish","hentry"],"yoast_head":"<!-- This site is optimized with the Yoast SEO plugin v21.4 - https:\/\/yoast.com\/wordpress\/plugins\/seo\/ -->\n<title>Nariai - Vidurio Lietuvos \u017euvininkyst\u0117s vietos veiklos grup\u0117<\/title>\n<meta name=\"robots\" content=\"index, follow, max-snippet:-1, max-image-preview:large, max-video-preview:-1\" \/>\n<link rel=\"canonical\" href=\"https:\/\/vlzvvg.lt\/?page_id=42\" \/>\n<meta property=\"og:locale\" content=\"lt_LT\" \/>\n<meta property=\"og:type\" content=\"article\" \/>\n<meta property=\"og:title\" content=\"Nariai - Vidurio Lietuvos \u017euvininkyst\u0117s vietos veiklos grup\u0117\" \/>\n<meta property=\"og:description\" content=\"VL\u017dVVG auk\u0161\u010diausias valdymo organas yra visuotinis nari\u0173 susirinkimas, kur\u012f sudaro 21 narys. Pagal atstovaujamus sektorius VL\u017dVVG nariai pasiskirsto taip: 38,10 proc. nari\u0173 (8 nariai) atstovauja pilietin\u0117s visuomen\u0117s sektori\u0173, 33,33 proc. nari\u0173 (7 nariai) atstovauja \u017euvininkyst\u0117s verslo sektori\u0173 ir 28,57 proc. nari\u0173 (6 nariai) atstovauja vietos vald\u017eios sektori\u0173. VL\u017dVVG VISUOTINIS NARI\u0172 S\u0104RA\u0160AS Pilietin\u0117s visuomen\u0117s sektorius, 38,10...\" \/>\n<meta property=\"og:url\" content=\"https:\/\/vlzvvg.lt\/?page_id=42\" \/>\n<meta property=\"og:site_name\" content=\"Vidurio Lietuvos \u017euvininkyst\u0117s vietos veiklos grup\u0117\" \/>\n<meta property=\"article:modified_time\" content=\"2026-02-23T07:43:09+00:00\" \/>\n<meta name=\"twitter:card\" content=\"summary_large_image\" \/>\n<meta name=\"twitter:label1\" content=\"Est. reading time\" \/>\n\t<meta name=\"twitter:data1\" content=\"2 minut\u0117s\" \/>\n<script type=\"application\/ld+json\" class=\"yoast-schema-graph\">{\"@context\":\"https:\/\/schema.org\",\"@graph\":[{\"@type\":\"WebPage\",\"@id\":\"https:\/\/vlzvvg.lt\/?page_id=42\",\"url\":\"https:\/\/vlzvvg.lt\/?page_id=42\",\"name\":\"Nariai - Vidurio Lietuvos \u017euvininkyst\u0117s vietos veiklos grup\u0117\",\"isPartOf\":{\"@id\":\"https:\/\/vlzvvg.lt\/#website\"},\"datePublished\":\"2023-10-09T11:58:14+00:00\",\"dateModified\":\"2026-02-23T07:43:09+00:00\",\"breadcrumb\":{\"@id\":\"https:\/\/vlzvvg.lt\/?page_id=42#breadcrumb\"},\"inLanguage\":\"lt-LT\",\"potentialAction\":[{\"@type\":\"ReadAction\",\"target\":[\"https:\/\/vlzvvg.lt\/?page_id=42\"]}]},{\"@type\":\"BreadcrumbList\",\"@id\":\"https:\/\/vlzvvg.lt\/?page_id=42#breadcrumb\",\"itemListElement\":[{\"@type\":\"ListItem\",\"position\":1,\"name\":\"Home\",\"item\":\"https:\/\/vlzvvg.lt\/\"},{\"@type\":\"ListItem\",\"position\":2,\"name\":\"Nariai\"}]},{\"@type\":\"WebSite\",\"@id\":\"https:\/\/vlzvvg.lt\/#website\",\"url\":\"https:\/\/vlzvvg.lt\/\",\"name\":\"Vidurio Lietuvos \u017euvininkyst\u0117s vietos veiklos grup\u0117\",\"description\":\"\",\"alternateName\":\"vlzvvg\",\"potentialAction\":[{\"@type\":\"SearchAction\",\"target\":{\"@type\":\"EntryPoint\",\"urlTemplate\":\"https:\/\/vlzvvg.lt\/?s={search_term_string}\"},\"query-input\":\"required name=search_term_string\"}],\"inLanguage\":\"lt-LT\"}]}<\/script>\n<!-- \/ Yoast SEO plugin. -->","yoast_head_json":{"title":"Nariai - Vidurio Lietuvos \u017euvininkyst\u0117s vietos veiklos grup\u0117","robots":{"index":"index","follow":"follow","max-snippet":"max-snippet:-1","max-image-preview":"max-image-preview:large","max-video-preview":"max-video-preview:-1"},"canonical":"https:\/\/vlzvvg.lt\/?page_id=42","og_locale":"lt_LT","og_type":"article","og_title":"Nariai - Vidurio Lietuvos \u017euvininkyst\u0117s vietos veiklos grup\u0117","og_description":"VL\u017dVVG auk\u0161\u010diausias valdymo organas yra visuotinis nari\u0173 susirinkimas, kur\u012f sudaro 21 narys. Pagal atstovaujamus sektorius VL\u017dVVG nariai pasiskirsto taip: 38,10 proc. nari\u0173 (8 nariai) atstovauja pilietin\u0117s visuomen\u0117s sektori\u0173, 33,33 proc. nari\u0173 (7 nariai) atstovauja \u017euvininkyst\u0117s verslo sektori\u0173 ir 28,57 proc. nari\u0173 (6 nariai) atstovauja vietos vald\u017eios sektori\u0173. VL\u017dVVG VISUOTINIS NARI\u0172 S\u0104RA\u0160AS Pilietin\u0117s visuomen\u0117s sektorius, 38,10...","og_url":"https:\/\/vlzvvg.lt\/?page_id=42","og_site_name":"Vidurio Lietuvos \u017euvininkyst\u0117s vietos veiklos grup\u0117","article_modified_time":"2026-02-23T07:43:09+00:00","twitter_card":"summary_large_image","twitter_misc":{"Est. reading time":"2 minut\u0117s"},"schema":{"@context":"https:\/\/schema.org","@graph":[{"@type":"WebPage","@id":"https:\/\/vlzvvg.lt\/?page_id=42","url":"https:\/\/vlzvvg.lt\/?page_id=42","name":"Nariai - Vidurio Lietuvos \u017euvininkyst\u0117s vietos veiklos grup\u0117","isPartOf":{"@id":"https:\/\/vlzvvg.lt\/#website"},"datePublished":"2023-10-09T11:58:14+00:00","dateModified":"2026-02-23T07:43:09+00:00","breadcrumb":{"@id":"https:\/\/vlzvvg.lt\/?page_id=42#breadcrumb"},"inLanguage":"lt-LT","potentialAction":[{"@type":"ReadAction","target":["https:\/\/vlzvvg.lt\/?page_id=42"]}]},{"@type":"BreadcrumbList","@id":"https:\/\/vlzvvg.lt\/?page_id=42#breadcrumb","itemListElement":[{"@type":"ListItem","position":1,"name":"Home","item":"https:\/\/vlzvvg.lt\/"},{"@type":"ListItem","position":2,"name":"Nariai"}]},{"@type":"WebSite","@id":"https:\/\/vlzvvg.lt\/#website","url":"https:\/\/vlzvvg.lt\/","name":"Vidurio Lietuvos \u017euvininkyst\u0117s vietos veiklos grup\u0117","description":"","alternateName":"vlzvvg","potentialAction":[{"@type":"SearchAction","target":{"@type":"EntryPoint","urlTemplate":"https:\/\/vlzvvg.lt\/?s={search_term_string}"},"query-input":"required name=search_term_string"}],"inLanguage":"lt-LT"}]}},"_links":{"self":[{"href":"https:\/\/vlzvvg.lt\/index.php?rest_route=\/wp\/v2\/pages\/42","targetHints":{"allow":["GET"]}}],"collection":[{"href":"https:\/\/vlzvvg.lt\/index.php?rest_route=\/wp\/v2\/pages"}],"about":[{"href":"https:\/\/vlzvvg.lt\/index.php?rest_route=\/wp\/v2\/types\/page"}],"author":[{"embeddable":true,"href":"https:\/\/vlzvvg.lt\/index.php?rest_route=\/wp\/v2\/users\/1"}],"replies":[{"embeddable":true,"href":"https:\/\/vlzvvg.lt\/index.php?rest_route=%2Fwp%2Fv2%2Fcomments&post=42"}],"version-history":[{"count":8,"href":"https:\/\/vlzvvg.lt\/index.php?rest_route=\/wp\/v2\/pages\/42\/revisions"}],"predecessor-version":[{"id":621,"href":"https:\/\/vlzvvg.lt\/index.php?rest_route=\/wp\/v2\/pages\/42\/revisions\/621"}],"wp:attachment":[{"href":"https:\/\/vlzvvg.lt\/index.php?rest_route=%2Fwp%2Fv2%2Fmedia&parent=42"}],"curies":[{"name":"wp","href":"https:\/\/api.w.org\/{rel}","templated":true}]}}