{"id":305,"date":"2025-03-14T13:33:13","date_gmt":"2025-03-14T11:33:13","guid":{"rendered":"https:\/\/vlzvvg.lt\/?page_id=305"},"modified":"2026-03-23T16:11:15","modified_gmt":"2026-03-23T14:11:15","slug":"kvietimu-grafikas","status":"publish","type":"page","link":"https:\/\/vlzvvg.lt\/?page_id=305","title":{"rendered":"Kvietim\u0173 grafikas"},"content":{"rendered":"\n<figure class=\"wp-block-image size-large\"><img loading=\"lazy\" decoding=\"async\" width=\"1024\" height=\"233\" src=\"https:\/\/vlzvvg.lt\/wp-content\/uploads\/2025\/10\/Grafikas-naujas-1024x233.png\" alt=\"\" class=\"wp-image-493\" srcset=\"https:\/\/vlzvvg.lt\/wp-content\/uploads\/2025\/10\/Grafikas-naujas-1024x233.png 1024w, https:\/\/vlzvvg.lt\/wp-content\/uploads\/2025\/10\/Grafikas-naujas-300x68.png 300w, https:\/\/vlzvvg.lt\/wp-content\/uploads\/2025\/10\/Grafikas-naujas-768x175.png 768w, https:\/\/vlzvvg.lt\/wp-content\/uploads\/2025\/10\/Grafikas-naujas-1536x350.png 1536w, https:\/\/vlzvvg.lt\/wp-content\/uploads\/2025\/10\/Grafikas-naujas.png 1612w\" sizes=\"auto, (max-width: 1024px) 100vw, 1024px\" \/><\/figure>\n\n\n\n<figure class=\"wp-block-image size-large\"><img loading=\"lazy\" decoding=\"async\" width=\"1024\" height=\"206\" src=\"https:\/\/vlzvvg.lt\/wp-content\/uploads\/2026\/03\/grafikas2-1024x206.png\" alt=\"\" class=\"wp-image-643\" srcset=\"https:\/\/vlzvvg.lt\/wp-content\/uploads\/2026\/03\/grafikas2-1024x206.png 1024w, https:\/\/vlzvvg.lt\/wp-content\/uploads\/2026\/03\/grafikas2-300x60.png 300w, https:\/\/vlzvvg.lt\/wp-content\/uploads\/2026\/03\/grafikas2-768x154.png 768w, https:\/\/vlzvvg.lt\/wp-content\/uploads\/2026\/03\/grafikas2-1536x308.png 1536w, https:\/\/vlzvvg.lt\/wp-content\/uploads\/2026\/03\/grafikas2.png 1544w\" sizes=\"auto, (max-width: 1024px) 100vw, 1024px\" \/><\/figure>\n","protected":false},"excerpt":{"rendered":"","protected":false},"author":1,"featured_media":0,"parent":0,"menu_order":0,"comment_status":"closed","ping_status":"closed","template":"","meta":{"footnotes":""},"class_list":["post-305","page","type-page","status-publish","hentry"],"yoast_head":"<!-- This site is optimized with the Yoast SEO plugin v21.4 - https:\/\/yoast.com\/wordpress\/plugins\/seo\/ -->\n<title>Kvietim\u0173 grafikas - Vidurio Lietuvos \u017euvininkyst\u0117s vietos veiklos grup\u0117<\/title>\n<meta name=\"robots\" content=\"index, follow, max-snippet:-1, max-image-preview:large, max-video-preview:-1\" \/>\n<link rel=\"canonical\" href=\"https:\/\/vlzvvg.lt\/?page_id=305\" \/>\n<meta property=\"og:locale\" content=\"lt_LT\" \/>\n<meta property=\"og:type\" content=\"article\" \/>\n<meta property=\"og:title\" content=\"Kvietim\u0173 grafikas - Vidurio Lietuvos \u017euvininkyst\u0117s vietos veiklos grup\u0117\" \/>\n<meta property=\"og:url\" content=\"https:\/\/vlzvvg.lt\/?page_id=305\" \/>\n<meta property=\"og:site_name\" content=\"Vidurio Lietuvos \u017euvininkyst\u0117s vietos veiklos grup\u0117\" \/>\n<meta property=\"article:modified_time\" content=\"2026-03-23T14:11:15+00:00\" \/>\n<meta property=\"og:image\" content=\"https:\/\/vlzvvg.lt\/wp-content\/uploads\/2025\/10\/Grafikas-naujas-1024x233.png\" \/>\n<meta name=\"twitter:card\" content=\"summary_large_image\" \/>\n<meta name=\"twitter:label1\" content=\"Est. reading time\" \/>\n\t<meta name=\"twitter:data1\" content=\"1 minut\u0117\" \/>\n<script type=\"application\/ld+json\" class=\"yoast-schema-graph\">{\"@context\":\"https:\/\/schema.org\",\"@graph\":[{\"@type\":\"WebPage\",\"@id\":\"https:\/\/vlzvvg.lt\/?page_id=305\",\"url\":\"https:\/\/vlzvvg.lt\/?page_id=305\",\"name\":\"Kvietim\u0173 grafikas - Vidurio Lietuvos \u017euvininkyst\u0117s vietos veiklos grup\u0117\",\"isPartOf\":{\"@id\":\"https:\/\/vlzvvg.lt\/#website\"},\"datePublished\":\"2025-03-14T11:33:13+00:00\",\"dateModified\":\"2026-03-23T14:11:15+00:00\",\"breadcrumb\":{\"@id\":\"https:\/\/vlzvvg.lt\/?page_id=305#breadcrumb\"},\"inLanguage\":\"lt-LT\",\"potentialAction\":[{\"@type\":\"ReadAction\",\"target\":[\"https:\/\/vlzvvg.lt\/?page_id=305\"]}]},{\"@type\":\"BreadcrumbList\",\"@id\":\"https:\/\/vlzvvg.lt\/?page_id=305#breadcrumb\",\"itemListElement\":[{\"@type\":\"ListItem\",\"position\":1,\"name\":\"Home\",\"item\":\"https:\/\/vlzvvg.lt\/\"},{\"@type\":\"ListItem\",\"position\":2,\"name\":\"Kvietim\u0173 grafikas\"}]},{\"@type\":\"WebSite\",\"@id\":\"https:\/\/vlzvvg.lt\/#website\",\"url\":\"https:\/\/vlzvvg.lt\/\",\"name\":\"Vidurio Lietuvos \u017euvininkyst\u0117s vietos veiklos grup\u0117\",\"description\":\"\",\"alternateName\":\"vlzvvg\",\"potentialAction\":[{\"@type\":\"SearchAction\",\"target\":{\"@type\":\"EntryPoint\",\"urlTemplate\":\"https:\/\/vlzvvg.lt\/?s={search_term_string}\"},\"query-input\":\"required name=search_term_string\"}],\"inLanguage\":\"lt-LT\"}]}<\/script>\n<!-- \/ Yoast SEO plugin. -->","yoast_head_json":{"title":"Kvietim\u0173 grafikas - Vidurio Lietuvos \u017euvininkyst\u0117s vietos veiklos grup\u0117","robots":{"index":"index","follow":"follow","max-snippet":"max-snippet:-1","max-image-preview":"max-image-preview:large","max-video-preview":"max-video-preview:-1"},"canonical":"https:\/\/vlzvvg.lt\/?page_id=305","og_locale":"lt_LT","og_type":"article","og_title":"Kvietim\u0173 grafikas - Vidurio Lietuvos \u017euvininkyst\u0117s vietos veiklos grup\u0117","og_url":"https:\/\/vlzvvg.lt\/?page_id=305","og_site_name":"Vidurio Lietuvos \u017euvininkyst\u0117s vietos veiklos grup\u0117","article_modified_time":"2026-03-23T14:11:15+00:00","og_image":[{"url":"https:\/\/vlzvvg.lt\/wp-content\/uploads\/2025\/10\/Grafikas-naujas-1024x233.png"}],"twitter_card":"summary_large_image","twitter_misc":{"Est. reading time":"1 minut\u0117"},"schema":{"@context":"https:\/\/schema.org","@graph":[{"@type":"WebPage","@id":"https:\/\/vlzvvg.lt\/?page_id=305","url":"https:\/\/vlzvvg.lt\/?page_id=305","name":"Kvietim\u0173 grafikas - Vidurio Lietuvos \u017euvininkyst\u0117s vietos veiklos grup\u0117","isPartOf":{"@id":"https:\/\/vlzvvg.lt\/#website"},"datePublished":"2025-03-14T11:33:13+00:00","dateModified":"2026-03-23T14:11:15+00:00","breadcrumb":{"@id":"https:\/\/vlzvvg.lt\/?page_id=305#breadcrumb"},"inLanguage":"lt-LT","potentialAction":[{"@type":"ReadAction","target":["https:\/\/vlzvvg.lt\/?page_id=305"]}]},{"@type":"BreadcrumbList","@id":"https:\/\/vlzvvg.lt\/?page_id=305#breadcrumb","itemListElement":[{"@type":"ListItem","position":1,"name":"Home","item":"https:\/\/vlzvvg.lt\/"},{"@type":"ListItem","position":2,"name":"Kvietim\u0173 grafikas"}]},{"@type":"WebSite","@id":"https:\/\/vlzvvg.lt\/#website","url":"https:\/\/vlzvvg.lt\/","name":"Vidurio Lietuvos \u017euvininkyst\u0117s vietos veiklos grup\u0117","description":"","alternateName":"vlzvvg","potentialAction":[{"@type":"SearchAction","target":{"@type":"EntryPoint","urlTemplate":"https:\/\/vlzvvg.lt\/?s={search_term_string}"},"query-input":"required name=search_term_string"}],"inLanguage":"lt-LT"}]}},"_links":{"self":[{"href":"https:\/\/vlzvvg.lt\/index.php?rest_route=\/wp\/v2\/pages\/305","targetHints":{"allow":["GET"]}}],"collection":[{"href":"https:\/\/vlzvvg.lt\/index.php?rest_route=\/wp\/v2\/pages"}],"about":[{"href":"https:\/\/vlzvvg.lt\/index.php?rest_route=\/wp\/v2\/types\/page"}],"author":[{"embeddable":true,"href":"https:\/\/vlzvvg.lt\/index.php?rest_route=\/wp\/v2\/users\/1"}],"replies":[{"embeddable":true,"href":"https:\/\/vlzvvg.lt\/index.php?rest_route=%2Fwp%2Fv2%2Fcomments&post=305"}],"version-history":[{"count":8,"href":"https:\/\/vlzvvg.lt\/index.php?rest_route=\/wp\/v2\/pages\/305\/revisions"}],"predecessor-version":[{"id":644,"href":"https:\/\/vlzvvg.lt\/index.php?rest_route=\/wp\/v2\/pages\/305\/revisions\/644"}],"wp:attachment":[{"href":"https:\/\/vlzvvg.lt\/index.php?rest_route=%2Fwp%2Fv2%2Fmedia&parent=305"}],"curies":[{"name":"wp","href":"https:\/\/api.w.org\/{rel}","templated":true}]}}