{"id":281,"date":"2025-03-13T15:28:54","date_gmt":"2025-03-13T13:28:54","guid":{"rendered":"https:\/\/vlzvvg.lt\/?page_id=281"},"modified":"2025-03-13T15:28:54","modified_gmt":"2025-03-13T13:28:54","slug":"korupcijos-prevencija","status":"publish","type":"page","link":"https:\/\/vlzvvg.lt\/?page_id=281","title":{"rendered":"Korupcijos prevencija"},"content":{"rendered":"\n<p><strong>Korupcija&nbsp;<\/strong>(lot. corruptio \u2013 \u201egadinimas\u201c, \u201epapirkimas\u201c) yra suvokiama kaip bet koks valstyb\u0117s tarnautojo ar jam prilyginto asmens elgesys, piktnaud\u017eiavimas patik\u0117ta galia siekiant asmenin\u0117s naudos.<\/p>\n\n\n\n<p><strong>Korupcinio pob\u016bd\u017eio nusikalstamos veikos&nbsp;<\/strong>\u2013 ky\u0161ininkavimas, prekyba poveikiu, papirkimas, kitos nusikalstamos veikos, jeigu jos padarytos vie\u0161ojo administravimo sektoriuje arba teikiant vie\u0161\u0105sias paslaugas siekiant sau ar kitiems asmenims naudos: piktnaud\u017eiavimas tarnybine pad\u0117timi arba \u012fgaliojim\u0173 vir\u0161ijimas, piktnaud\u017eiavimas oficialiais \u012fgaliojimais, dokument\u0173 ar matavimo priemoni\u0173 suklastojimas, suk\u010diavimas, turto pasisavinimas ar i\u0161\u0161vaistymas, tarnybos paslapties atskleidimas, komercin\u0117s paslapties atskleidimas, neteising\u0173 duomen\u0173 apie pajamas, peln\u0105 ar turt\u0105 pateikimas, nusikalstamu b\u016bdu \u012fgyt\u0173 pinig\u0173 ar turto legalizavimas, ki\u0161imasis \u012f valstyb\u0117s tarnautojo ar vie\u0161ojo administravimo funkcijas atliekan\u010dio asmens veikl\u0105 ar kitos nusikalstamos veikos, kai toki\u0173 veik\u0173 padarymu siekiama ar reikalaujama ky\u0161io, papirkimo arba nusl\u0117pti ar u\u017emaskuoti ky\u0161ininkavim\u0105 ar papirkim\u0105.<\/p>\n\n\n\n<p><strong>Korupcija kenkia:<\/strong><\/p>\n\n\n\n<ul class=\"wp-block-list\">\n<li>Ekonomikai (gali suma\u017e\u0117ti \u0161alies \u016bkio efektyvumas ir rinkos konkurencija, pablog\u0117ti gaminam\u0173 preki\u0173 ir paslaug\u0173 kokyb\u0117, prarandamas verslinink\u0173 pasitik\u0117jimas valstyb\u0117s institucijomis ir pan.);<\/li>\n\n\n\n<li>Politiniam-socialiam gyvenimui (atsiranda socialin\u0117 \u012ftampa, veikianti \u0161alies ekonomik\u0105 ir politin\u012f stabilum\u0105, ma\u017e\u0117ja pilie\u010di\u0173 pasitik\u0117jimas valstybe ir demokratija ir pan.);<\/li>\n\n\n\n<li>Valstybiniam valdymui (blog\u0117ja vie\u0161ojo administravimo kokyb\u0117, atsiranda neoficiali sprendim\u0173 pri\u0117mimo sistema ir pan.);<\/li>\n\n\n\n<li>Tarptautiniams santykiams (ma\u017e\u0117ja \u0161alies presti\u017eas, prarandama dalis galim\u0173 investicij\u0173 ir pan.).<\/li>\n<\/ul>\n\n\n\n<p><strong>Korupcijos prevencija<\/strong>&nbsp;teis\u0117s aktuose&nbsp;apibr\u0117\u017eiama&nbsp;kaip korupcijos&nbsp;prie\u017eas\u010di\u0173, s\u0105lyg\u0173 atskleidimas ir \u0161alinimas sudarant bei \u012fgyvendinant atitinkam\u0173 priemoni\u0173 sistem\u0105, taip pat poveikis asmenims, siekiant atgrasinti nuo korupcinio pob\u016bd\u017eio nusikalstam\u0173 veik\u0173 darymo.<\/p>\n\n\n\n<p>Kiekvienas \u017dVVG &nbsp;administracijos darbuotojas &nbsp;ir \u017dVVG &nbsp;valdybos narys asmeni\u0161kai gali pagilinti\/atnaujinti &nbsp;\u017einias apie korupcij\u0105 Speciali\u0173j\u0173 tyrim\u0173 tarnybos (STT) mokym\u0173 platformoje: <a href=\"https:\/\/emokymai.stt.lt\/\" target=\"_blank\" rel=\"noreferrer noopener\">https:\/\/emokymai.stt.lt\/<\/a>. \u0160ioje mokym\u0173 platformoje galima mokytis, i\u0161spr\u0119sti test\u0105 ir gauti sertifikat\u0105.<\/p>\n\n\n\n<p>Asmeninius arba anoniminius prane\u0161imus apie galimos korupcijos, neskaidraus ir nes\u0105\u017einingo&nbsp;VPS vykdytojos darbuotoj\u0173 ir (ar) VPS vykdytojos valdymo organ\u0173 nari\u0173 veikimo ir (ar) neveikimo atvejus, vie\u0161\u0173j\u0173 ir priva\u010di\u0173 interes\u0173 konfliktus&nbsp;galite prane\u0161ti \u0161iais b\u016bdais:<\/p>\n\n\n\n<ul class=\"wp-block-list\">\n<li>telefonu +370\u00a0674 65632;<\/li>\n\n\n\n<li>elektroniniu pa\u0161tu <a href=\"mailto:viduriozvvg@gmail.com\">viduriozvvg@gmail.com<\/a> si\u0173sdami prane\u0161im\u0105 \u00a0Vidurio Lietuvos \u017euvininkyst\u0117s vietos veiklos grupei;<\/li>\n\n\n\n<li>darbo metu, adresu Pramon\u0117s g. 1, Gab\u0161i\u0173 k., Raseini\u0173 r., LT-60192.<\/li>\n<\/ul>\n\n\n\n<p>Anonimi\u0161kai&nbsp;prane\u0161ti apie galimus korupcijos atvejus galima ir Speciali\u0173j\u0173 tyrim\u0173 tarnybai:<\/p>\n\n\n\n<ul class=\"wp-block-list\">\n<li>ra\u0161tu, adresu: A. Jak\u0161to g. 6, LT-01105 Vilnius;<\/li>\n\n\n\n<li>vis\u0105 par\u0105 veikian\u010diu \u201eKar\u0161tosios linijos\u201c telefonu Vilniuje +370 5 266 33 33 (ir poilsio dienomis);<\/li>\n\n\n\n<li>elektroniniu pa\u0161tu\u00a0<a href=\"mailto:pranesk@stt.lt\" target=\"_blank\" rel=\"noreferrer noopener\">pranesk@stt.lt<\/a>,<\/li>\n\n\n\n<li>svetain\u0117je\u00a0<a href=\"https:\/\/stt.lt\/\" target=\"_blank\" rel=\"noreferrer noopener\">www.stt.lt.<\/a><\/li>\n<\/ul>\n\n\n\n<p>Atkreipiame d\u0117mes\u012f, kad u\u017e \u0161mei\u017et\u0105 ar melaging\u0105 kito asmens kaltinim\u0105 nusikaltimo padarymu yra numatyta baud\u017eiamoji atsakomyb\u0117.<\/p>\n","protected":false},"excerpt":{"rendered":"<p>Korupcija&nbsp;(lot. corruptio \u2013 \u201egadinimas\u201c, \u201epapirkimas\u201c) yra suvokiama kaip bet koks valstyb\u0117s tarnautojo ar jam prilyginto asmens elgesys, piktnaud\u017eiavimas patik\u0117ta galia siekiant asmenin\u0117s naudos. Korupcinio pob\u016bd\u017eio nusikalstamos veikos&nbsp;\u2013 ky\u0161ininkavimas, prekyba poveikiu, papirkimas, kitos nusikalstamos veikos, jeigu jos padarytos vie\u0161ojo administravimo sektoriuje arba teikiant vie\u0161\u0105sias paslaugas siekiant sau ar kitiems asmenims naudos: piktnaud\u017eiavimas tarnybine pad\u0117timi arba \u012fgaliojim\u0173&#8230;<\/p>\n","protected":false},"author":1,"featured_media":0,"parent":0,"menu_order":0,"comment_status":"closed","ping_status":"closed","template":"","meta":{"footnotes":""},"class_list":["post-281","page","type-page","status-publish","hentry"],"yoast_head":"<!-- This site is optimized with the Yoast SEO plugin v21.4 - https:\/\/yoast.com\/wordpress\/plugins\/seo\/ -->\n<title>Korupcijos prevencija - Vidurio Lietuvos \u017euvininkyst\u0117s vietos veiklos grup\u0117<\/title>\n<meta name=\"robots\" content=\"index, follow, max-snippet:-1, max-image-preview:large, max-video-preview:-1\" \/>\n<link rel=\"canonical\" href=\"https:\/\/vlzvvg.lt\/?page_id=281\" \/>\n<meta property=\"og:locale\" content=\"lt_LT\" \/>\n<meta property=\"og:type\" content=\"article\" \/>\n<meta property=\"og:title\" content=\"Korupcijos prevencija - Vidurio Lietuvos \u017euvininkyst\u0117s vietos veiklos grup\u0117\" \/>\n<meta property=\"og:description\" content=\"Korupcija&nbsp;(lot. corruptio \u2013 \u201egadinimas\u201c, \u201epapirkimas\u201c) yra suvokiama kaip bet koks valstyb\u0117s tarnautojo ar jam prilyginto asmens elgesys, piktnaud\u017eiavimas patik\u0117ta galia siekiant asmenin\u0117s naudos. Korupcinio pob\u016bd\u017eio nusikalstamos veikos&nbsp;\u2013 ky\u0161ininkavimas, prekyba poveikiu, papirkimas, kitos nusikalstamos veikos, jeigu jos padarytos vie\u0161ojo administravimo sektoriuje arba teikiant vie\u0161\u0105sias paslaugas siekiant sau ar kitiems asmenims naudos: piktnaud\u017eiavimas tarnybine pad\u0117timi arba \u012fgaliojim\u0173...\" \/>\n<meta property=\"og:url\" content=\"https:\/\/vlzvvg.lt\/?page_id=281\" \/>\n<meta property=\"og:site_name\" content=\"Vidurio Lietuvos \u017euvininkyst\u0117s vietos veiklos grup\u0117\" \/>\n<meta name=\"twitter:card\" content=\"summary_large_image\" \/>\n<meta name=\"twitter:label1\" content=\"Est. reading time\" \/>\n\t<meta name=\"twitter:data1\" content=\"2 minut\u0117s\" \/>\n<script type=\"application\/ld+json\" class=\"yoast-schema-graph\">{\"@context\":\"https:\/\/schema.org\",\"@graph\":[{\"@type\":\"WebPage\",\"@id\":\"https:\/\/vlzvvg.lt\/?page_id=281\",\"url\":\"https:\/\/vlzvvg.lt\/?page_id=281\",\"name\":\"Korupcijos prevencija - Vidurio Lietuvos \u017euvininkyst\u0117s vietos veiklos grup\u0117\",\"isPartOf\":{\"@id\":\"https:\/\/vlzvvg.lt\/#website\"},\"datePublished\":\"2025-03-13T13:28:54+00:00\",\"dateModified\":\"2025-03-13T13:28:54+00:00\",\"breadcrumb\":{\"@id\":\"https:\/\/vlzvvg.lt\/?page_id=281#breadcrumb\"},\"inLanguage\":\"lt-LT\",\"potentialAction\":[{\"@type\":\"ReadAction\",\"target\":[\"https:\/\/vlzvvg.lt\/?page_id=281\"]}]},{\"@type\":\"BreadcrumbList\",\"@id\":\"https:\/\/vlzvvg.lt\/?page_id=281#breadcrumb\",\"itemListElement\":[{\"@type\":\"ListItem\",\"position\":1,\"name\":\"Home\",\"item\":\"https:\/\/vlzvvg.lt\/\"},{\"@type\":\"ListItem\",\"position\":2,\"name\":\"Korupcijos prevencija\"}]},{\"@type\":\"WebSite\",\"@id\":\"https:\/\/vlzvvg.lt\/#website\",\"url\":\"https:\/\/vlzvvg.lt\/\",\"name\":\"Vidurio Lietuvos \u017euvininkyst\u0117s vietos veiklos grup\u0117\",\"description\":\"\",\"alternateName\":\"vlzvvg\",\"potentialAction\":[{\"@type\":\"SearchAction\",\"target\":{\"@type\":\"EntryPoint\",\"urlTemplate\":\"https:\/\/vlzvvg.lt\/?s={search_term_string}\"},\"query-input\":\"required name=search_term_string\"}],\"inLanguage\":\"lt-LT\"}]}<\/script>\n<!-- \/ Yoast SEO plugin. -->","yoast_head_json":{"title":"Korupcijos prevencija - Vidurio Lietuvos \u017euvininkyst\u0117s vietos veiklos grup\u0117","robots":{"index":"index","follow":"follow","max-snippet":"max-snippet:-1","max-image-preview":"max-image-preview:large","max-video-preview":"max-video-preview:-1"},"canonical":"https:\/\/vlzvvg.lt\/?page_id=281","og_locale":"lt_LT","og_type":"article","og_title":"Korupcijos prevencija - Vidurio Lietuvos \u017euvininkyst\u0117s vietos veiklos grup\u0117","og_description":"Korupcija&nbsp;(lot. corruptio \u2013 \u201egadinimas\u201c, \u201epapirkimas\u201c) yra suvokiama kaip bet koks valstyb\u0117s tarnautojo ar jam prilyginto asmens elgesys, piktnaud\u017eiavimas patik\u0117ta galia siekiant asmenin\u0117s naudos. Korupcinio pob\u016bd\u017eio nusikalstamos veikos&nbsp;\u2013 ky\u0161ininkavimas, prekyba poveikiu, papirkimas, kitos nusikalstamos veikos, jeigu jos padarytos vie\u0161ojo administravimo sektoriuje arba teikiant vie\u0161\u0105sias paslaugas siekiant sau ar kitiems asmenims naudos: piktnaud\u017eiavimas tarnybine pad\u0117timi arba \u012fgaliojim\u0173...","og_url":"https:\/\/vlzvvg.lt\/?page_id=281","og_site_name":"Vidurio Lietuvos \u017euvininkyst\u0117s vietos veiklos grup\u0117","twitter_card":"summary_large_image","twitter_misc":{"Est. reading time":"2 minut\u0117s"},"schema":{"@context":"https:\/\/schema.org","@graph":[{"@type":"WebPage","@id":"https:\/\/vlzvvg.lt\/?page_id=281","url":"https:\/\/vlzvvg.lt\/?page_id=281","name":"Korupcijos prevencija - Vidurio Lietuvos \u017euvininkyst\u0117s vietos veiklos grup\u0117","isPartOf":{"@id":"https:\/\/vlzvvg.lt\/#website"},"datePublished":"2025-03-13T13:28:54+00:00","dateModified":"2025-03-13T13:28:54+00:00","breadcrumb":{"@id":"https:\/\/vlzvvg.lt\/?page_id=281#breadcrumb"},"inLanguage":"lt-LT","potentialAction":[{"@type":"ReadAction","target":["https:\/\/vlzvvg.lt\/?page_id=281"]}]},{"@type":"BreadcrumbList","@id":"https:\/\/vlzvvg.lt\/?page_id=281#breadcrumb","itemListElement":[{"@type":"ListItem","position":1,"name":"Home","item":"https:\/\/vlzvvg.lt\/"},{"@type":"ListItem","position":2,"name":"Korupcijos prevencija"}]},{"@type":"WebSite","@id":"https:\/\/vlzvvg.lt\/#website","url":"https:\/\/vlzvvg.lt\/","name":"Vidurio Lietuvos \u017euvininkyst\u0117s vietos veiklos grup\u0117","description":"","alternateName":"vlzvvg","potentialAction":[{"@type":"SearchAction","target":{"@type":"EntryPoint","urlTemplate":"https:\/\/vlzvvg.lt\/?s={search_term_string}"},"query-input":"required name=search_term_string"}],"inLanguage":"lt-LT"}]}},"_links":{"self":[{"href":"https:\/\/vlzvvg.lt\/index.php?rest_route=\/wp\/v2\/pages\/281","targetHints":{"allow":["GET"]}}],"collection":[{"href":"https:\/\/vlzvvg.lt\/index.php?rest_route=\/wp\/v2\/pages"}],"about":[{"href":"https:\/\/vlzvvg.lt\/index.php?rest_route=\/wp\/v2\/types\/page"}],"author":[{"embeddable":true,"href":"https:\/\/vlzvvg.lt\/index.php?rest_route=\/wp\/v2\/users\/1"}],"replies":[{"embeddable":true,"href":"https:\/\/vlzvvg.lt\/index.php?rest_route=%2Fwp%2Fv2%2Fcomments&post=281"}],"version-history":[{"count":1,"href":"https:\/\/vlzvvg.lt\/index.php?rest_route=\/wp\/v2\/pages\/281\/revisions"}],"predecessor-version":[{"id":282,"href":"https:\/\/vlzvvg.lt\/index.php?rest_route=\/wp\/v2\/pages\/281\/revisions\/282"}],"wp:attachment":[{"href":"https:\/\/vlzvvg.lt\/index.php?rest_route=%2Fwp%2Fv2%2Fmedia&parent=281"}],"curies":[{"name":"wp","href":"https:\/\/api.w.org\/{rel}","templated":true}]}}