{"id":270,"date":"2025-03-13T15:00:23","date_gmt":"2025-03-13T13:00:23","guid":{"rendered":"https:\/\/vlzvvg.lt\/?page_id=270"},"modified":"2025-03-13T15:05:13","modified_gmt":"2025-03-13T13:05:13","slug":"vps-administravimo-vadovopareigybes-aprasymas","status":"publish","type":"page","link":"https:\/\/vlzvvg.lt\/?page_id=270","title":{"rendered":"VPS ADMINISTRAVIMO VADOVO PAREIGYB\u0116S APRA\u0160YMAS"},"content":{"rendered":"\n<h5 class=\"wp-block-heading has-text-align-center\"><strong>I. PAREIGYB\u0116<\/strong><\/h5>\n\n\n\n<p><strong>1.<\/strong> VPS administravimo vadovas.<\/p>\n\n\n\n<h5 class=\"wp-block-heading has-text-align-center\"><strong>II. SPECIAL\u016aS REIKALAVIMAI \u0160IAS PAREIGAS EINAN\u010cIAM DARBUOTOJUI<\/strong><\/h5>\n\n\n\n<p><strong>2.<\/strong> Darbuotojas, einantis \u0161ias pareigas, turi atitikti \u0161iuos specialius reikalavimus:<\/p>\n\n\n\n<p><strong>2.1.<\/strong> Tur\u0117ti auk\u0161t\u0105j\u012f universitetin\u012f arba jam prilygint\u0105 i\u0161silavinim\u0105 ir ne ma\u017eesn\u0119 nei 3 m. darbo patirt\u012f projekt\u0173 valdymo srityje, arba tur\u0117ti ne ma\u017eesn\u0119 negu 5 m. darbo patirt\u012f VPS, dvisektori\u0173 VPS ar kaimo vietovi\u0173 vietos pl\u0117tros strategij\u0173 administravimo ir \u012fgyvendinimo srityje.<\/p>\n\n\n\n<h5 class=\"wp-block-heading has-text-align-center\"><strong>III. \u0160IAS PAREIGAS EINAN\u010cIO DARBUOTOJO FUNKCIJOS<\/strong><\/h5>\n\n\n\n<p><strong>3.<\/strong> \u0160ias pareigas einantis darbuotojas vykdo \u0161ias funkcijas:<\/p>\n\n\n\n<p><strong>3.1.<\/strong> \u012egyvendina VL\u017dVVG visuotinio nari\u0173 susirinkimo, VL\u017dVVG valdybos sprendimus, vykdo VL\u017dVVG pirmininko \u012fsakymus ir kitus pavedimus.<\/p>\n\n\n\n<p><strong>3.2.<\/strong> Pagal kompetencij\u0105 u\u017etikrina VL\u017dVVG tiksl\u0173 ir u\u017edavini\u0173 \u012fgyvendinim\u0105 \u012fgyvendinant VPS.<\/p>\n\n\n\n<p><strong>3.3. <\/strong>Pagal Lietuvos Respublikos galiojan\u010dius teis\u0117s aktus ir VL\u017dVVG\u00a0 galiojan\u010dius vidaus dokumentus teikia informacij\u0105 tretiesiems asmenims, palaiko ry\u0161ius su organizacijomis, turin\u010diomis s\u0105sajas su VPS \u012fgyvendinimu: NMA, \u017d\u016aM, VVG tinklu, rajono savivalda, bendruomen\u0117mis, su \u012fvairiomis kitomis organizacijomis.<\/p>\n\n\n\n<p><strong>3.4.<\/strong> U\u017e savo veikl\u0105 pagal kompetencij\u0105 atsiskaito VL\u017dVVG visuotiniam nari\u0173 susirinkimui, VL\u017dVVG valdybai, VL\u017dVVG pirmininkui.<\/p>\n\n\n\n<p><strong>3.5.<\/strong> Pagal kompetencij\u0105 atlieka kitas funkcijas, neprie\u0161taraujan\u010dias VL\u017dVVG tikslams, VL\u017dVVG \u012fstatams, veiklos dokumentams bei Lietuvos Respublikos teis\u0117s aktams.<\/p>\n\n\n\n<p><strong>3.6.<\/strong> U\u017etikrina VL\u017dVVG administracijos darb\u0105, \u012fgyvendinant VPS pagal taisykli\u0173 reikalavimus, metodinius VVG administravimo nurodymus.<\/p>\n\n\n\n<p><strong>3.7.<\/strong> \u012egyvendinant VPS pagal kompetencij\u0105 valdo, kontroliuoja paramos l\u0117\u0161\u0173 srautus pagal vie\u0161\u0173j\u0173 l\u0117\u0161\u0173 administravimo\u00a0 tvark\u0105.<\/p>\n\n\n\n<h5 class=\"wp-block-heading has-text-align-center\"><strong>IV. ATSAKOMYB\u0116<\/strong><\/h5>\n\n\n\n<p><strong>4.<\/strong> \u0160ias pareigas vykdantis darbuotojas atsako \u012fstatym\u0173 nustatyta tvarka.<\/p>\n","protected":false},"excerpt":{"rendered":"<p>I. PAREIGYB\u0116 1. VPS administravimo vadovas. II. SPECIAL\u016aS REIKALAVIMAI \u0160IAS PAREIGAS EINAN\u010cIAM DARBUOTOJUI 2. Darbuotojas, einantis \u0161ias pareigas, turi atitikti \u0161iuos specialius reikalavimus: 2.1. Tur\u0117ti auk\u0161t\u0105j\u012f universitetin\u012f arba jam prilygint\u0105 i\u0161silavinim\u0105 ir ne ma\u017eesn\u0119 nei 3 m. darbo patirt\u012f projekt\u0173 valdymo srityje, arba tur\u0117ti ne ma\u017eesn\u0119 negu 5 m. darbo patirt\u012f VPS, dvisektori\u0173 VPS ar&#8230;<\/p>\n","protected":false},"author":1,"featured_media":0,"parent":0,"menu_order":0,"comment_status":"closed","ping_status":"closed","template":"","meta":{"footnotes":""},"class_list":["post-270","page","type-page","status-publish","hentry"],"yoast_head":"<!-- This site is optimized with the Yoast SEO plugin v21.4 - https:\/\/yoast.com\/wordpress\/plugins\/seo\/ -->\n<title>VPS ADMINISTRAVIMO VADOVO PAREIGYB\u0116S APRA\u0160YMAS - Vidurio Lietuvos \u017euvininkyst\u0117s vietos veiklos grup\u0117<\/title>\n<meta name=\"robots\" content=\"index, follow, max-snippet:-1, max-image-preview:large, max-video-preview:-1\" \/>\n<link rel=\"canonical\" href=\"https:\/\/vlzvvg.lt\/?page_id=270\" \/>\n<meta property=\"og:locale\" content=\"lt_LT\" \/>\n<meta property=\"og:type\" content=\"article\" \/>\n<meta property=\"og:title\" content=\"VPS ADMINISTRAVIMO VADOVO PAREIGYB\u0116S APRA\u0160YMAS - Vidurio Lietuvos \u017euvininkyst\u0117s vietos veiklos grup\u0117\" \/>\n<meta property=\"og:description\" content=\"I. PAREIGYB\u0116 1. VPS administravimo vadovas. II. SPECIAL\u016aS REIKALAVIMAI \u0160IAS PAREIGAS EINAN\u010cIAM DARBUOTOJUI 2. Darbuotojas, einantis \u0161ias pareigas, turi atitikti \u0161iuos specialius reikalavimus: 2.1. Tur\u0117ti auk\u0161t\u0105j\u012f universitetin\u012f arba jam prilygint\u0105 i\u0161silavinim\u0105 ir ne ma\u017eesn\u0119 nei 3 m. darbo patirt\u012f projekt\u0173 valdymo srityje, arba tur\u0117ti ne ma\u017eesn\u0119 negu 5 m. darbo patirt\u012f VPS, dvisektori\u0173 VPS ar...\" \/>\n<meta property=\"og:url\" content=\"https:\/\/vlzvvg.lt\/?page_id=270\" \/>\n<meta property=\"og:site_name\" content=\"Vidurio Lietuvos \u017euvininkyst\u0117s vietos veiklos grup\u0117\" \/>\n<meta property=\"article:modified_time\" content=\"2025-03-13T13:05:13+00:00\" \/>\n<meta name=\"twitter:card\" content=\"summary_large_image\" \/>\n<meta name=\"twitter:label1\" content=\"Est. reading time\" \/>\n\t<meta name=\"twitter:data1\" content=\"2 minut\u0117s\" \/>\n<script type=\"application\/ld+json\" class=\"yoast-schema-graph\">{\"@context\":\"https:\/\/schema.org\",\"@graph\":[{\"@type\":\"WebPage\",\"@id\":\"https:\/\/vlzvvg.lt\/?page_id=270\",\"url\":\"https:\/\/vlzvvg.lt\/?page_id=270\",\"name\":\"VPS ADMINISTRAVIMO VADOVO PAREIGYB\u0116S APRA\u0160YMAS - Vidurio Lietuvos \u017euvininkyst\u0117s vietos veiklos grup\u0117\",\"isPartOf\":{\"@id\":\"https:\/\/vlzvvg.lt\/#website\"},\"datePublished\":\"2025-03-13T13:00:23+00:00\",\"dateModified\":\"2025-03-13T13:05:13+00:00\",\"breadcrumb\":{\"@id\":\"https:\/\/vlzvvg.lt\/?page_id=270#breadcrumb\"},\"inLanguage\":\"lt-LT\",\"potentialAction\":[{\"@type\":\"ReadAction\",\"target\":[\"https:\/\/vlzvvg.lt\/?page_id=270\"]}]},{\"@type\":\"BreadcrumbList\",\"@id\":\"https:\/\/vlzvvg.lt\/?page_id=270#breadcrumb\",\"itemListElement\":[{\"@type\":\"ListItem\",\"position\":1,\"name\":\"Home\",\"item\":\"https:\/\/vlzvvg.lt\/\"},{\"@type\":\"ListItem\",\"position\":2,\"name\":\"VPS ADMINISTRAVIMO VADOVO PAREIGYB\u0116S APRA\u0160YMAS\"}]},{\"@type\":\"WebSite\",\"@id\":\"https:\/\/vlzvvg.lt\/#website\",\"url\":\"https:\/\/vlzvvg.lt\/\",\"name\":\"Vidurio Lietuvos \u017euvininkyst\u0117s vietos veiklos grup\u0117\",\"description\":\"\",\"alternateName\":\"vlzvvg\",\"potentialAction\":[{\"@type\":\"SearchAction\",\"target\":{\"@type\":\"EntryPoint\",\"urlTemplate\":\"https:\/\/vlzvvg.lt\/?s={search_term_string}\"},\"query-input\":\"required name=search_term_string\"}],\"inLanguage\":\"lt-LT\"}]}<\/script>\n<!-- \/ Yoast SEO plugin. -->","yoast_head_json":{"title":"VPS ADMINISTRAVIMO VADOVO PAREIGYB\u0116S APRA\u0160YMAS - Vidurio Lietuvos \u017euvininkyst\u0117s vietos veiklos grup\u0117","robots":{"index":"index","follow":"follow","max-snippet":"max-snippet:-1","max-image-preview":"max-image-preview:large","max-video-preview":"max-video-preview:-1"},"canonical":"https:\/\/vlzvvg.lt\/?page_id=270","og_locale":"lt_LT","og_type":"article","og_title":"VPS ADMINISTRAVIMO VADOVO PAREIGYB\u0116S APRA\u0160YMAS - Vidurio Lietuvos \u017euvininkyst\u0117s vietos veiklos grup\u0117","og_description":"I. PAREIGYB\u0116 1. VPS administravimo vadovas. II. SPECIAL\u016aS REIKALAVIMAI \u0160IAS PAREIGAS EINAN\u010cIAM DARBUOTOJUI 2. Darbuotojas, einantis \u0161ias pareigas, turi atitikti \u0161iuos specialius reikalavimus: 2.1. Tur\u0117ti auk\u0161t\u0105j\u012f universitetin\u012f arba jam prilygint\u0105 i\u0161silavinim\u0105 ir ne ma\u017eesn\u0119 nei 3 m. darbo patirt\u012f projekt\u0173 valdymo srityje, arba tur\u0117ti ne ma\u017eesn\u0119 negu 5 m. darbo patirt\u012f VPS, dvisektori\u0173 VPS ar...","og_url":"https:\/\/vlzvvg.lt\/?page_id=270","og_site_name":"Vidurio Lietuvos \u017euvininkyst\u0117s vietos veiklos grup\u0117","article_modified_time":"2025-03-13T13:05:13+00:00","twitter_card":"summary_large_image","twitter_misc":{"Est. reading time":"2 minut\u0117s"},"schema":{"@context":"https:\/\/schema.org","@graph":[{"@type":"WebPage","@id":"https:\/\/vlzvvg.lt\/?page_id=270","url":"https:\/\/vlzvvg.lt\/?page_id=270","name":"VPS ADMINISTRAVIMO VADOVO PAREIGYB\u0116S APRA\u0160YMAS - Vidurio Lietuvos \u017euvininkyst\u0117s vietos veiklos grup\u0117","isPartOf":{"@id":"https:\/\/vlzvvg.lt\/#website"},"datePublished":"2025-03-13T13:00:23+00:00","dateModified":"2025-03-13T13:05:13+00:00","breadcrumb":{"@id":"https:\/\/vlzvvg.lt\/?page_id=270#breadcrumb"},"inLanguage":"lt-LT","potentialAction":[{"@type":"ReadAction","target":["https:\/\/vlzvvg.lt\/?page_id=270"]}]},{"@type":"BreadcrumbList","@id":"https:\/\/vlzvvg.lt\/?page_id=270#breadcrumb","itemListElement":[{"@type":"ListItem","position":1,"name":"Home","item":"https:\/\/vlzvvg.lt\/"},{"@type":"ListItem","position":2,"name":"VPS ADMINISTRAVIMO VADOVO PAREIGYB\u0116S APRA\u0160YMAS"}]},{"@type":"WebSite","@id":"https:\/\/vlzvvg.lt\/#website","url":"https:\/\/vlzvvg.lt\/","name":"Vidurio Lietuvos \u017euvininkyst\u0117s vietos veiklos grup\u0117","description":"","alternateName":"vlzvvg","potentialAction":[{"@type":"SearchAction","target":{"@type":"EntryPoint","urlTemplate":"https:\/\/vlzvvg.lt\/?s={search_term_string}"},"query-input":"required name=search_term_string"}],"inLanguage":"lt-LT"}]}},"_links":{"self":[{"href":"https:\/\/vlzvvg.lt\/index.php?rest_route=\/wp\/v2\/pages\/270","targetHints":{"allow":["GET"]}}],"collection":[{"href":"https:\/\/vlzvvg.lt\/index.php?rest_route=\/wp\/v2\/pages"}],"about":[{"href":"https:\/\/vlzvvg.lt\/index.php?rest_route=\/wp\/v2\/types\/page"}],"author":[{"embeddable":true,"href":"https:\/\/vlzvvg.lt\/index.php?rest_route=\/wp\/v2\/users\/1"}],"replies":[{"embeddable":true,"href":"https:\/\/vlzvvg.lt\/index.php?rest_route=%2Fwp%2Fv2%2Fcomments&post=270"}],"version-history":[{"count":2,"href":"https:\/\/vlzvvg.lt\/index.php?rest_route=\/wp\/v2\/pages\/270\/revisions"}],"predecessor-version":[{"id":274,"href":"https:\/\/vlzvvg.lt\/index.php?rest_route=\/wp\/v2\/pages\/270\/revisions\/274"}],"wp:attachment":[{"href":"https:\/\/vlzvvg.lt\/index.php?rest_route=%2Fwp%2Fv2%2Fmedia&parent=270"}],"curies":[{"name":"wp","href":"https:\/\/api.w.org\/{rel}","templated":true}]}}