{"id":263,"date":"2025-03-13T14:51:34","date_gmt":"2025-03-13T12:51:34","guid":{"rendered":"https:\/\/vlzvvg.lt\/?page_id=263"},"modified":"2025-03-13T15:25:27","modified_gmt":"2025-03-13T13:25:27","slug":"karjeros-galimybes","status":"publish","type":"page","link":"https:\/\/vlzvvg.lt\/?page_id=263","title":{"rendered":"Karjeros galimyb\u0117s"},"content":{"rendered":"\n<p><a href=\"https:\/\/vlzvvg.lt\/?page_id=264\">VL\u017dVVG vietos pl\u0117tros strategijos (VPS) administratoriaus pareigyb\u0117s apra\u0161ymas<\/a><\/p>\n\n\n\n<p><a href=\"https:\/\/vlzvvg.lt\/?page_id=270\" data-type=\"page\" data-id=\"270\">VL\u017dVVG vietos pl\u0117tros strategijos (VPS) administravimo vadovo pareigyb\u0117s apra\u0161ymas<\/a><\/p>\n\n\n\n<p><a href=\"https:\/\/vlzvvg.lt\/?page_id=275\" data-type=\"page\" data-id=\"275\">VL\u017dVVG vietos pl\u0117tros strategijos (VPS) finansininko pareigyb\u0117s apra\u0161ymas<\/a><\/p>\n\n\n\n<p><a href=\"https:\/\/vlzvvg.lt\/?page_id=278\" data-type=\"page\" data-id=\"278\">VL\u017dVVG vietos pl\u0117tros strategijos (VPS) vie\u0161\u0173j\u0173 ry\u0161i\u0173 specialisto pareigyb\u0117s apra\u0161ymas<\/a><\/p>\n","protected":false},"excerpt":{"rendered":"<p>VL\u017dVVG vietos pl\u0117tros strategijos (VPS) administratoriaus pareigyb\u0117s apra\u0161ymas VL\u017dVVG vietos pl\u0117tros strategijos (VPS) administravimo vadovo pareigyb\u0117s apra\u0161ymas VL\u017dVVG vietos pl\u0117tros strategijos (VPS) finansininko pareigyb\u0117s apra\u0161ymas VL\u017dVVG vietos pl\u0117tros strategijos (VPS) vie\u0161\u0173j\u0173 ry\u0161i\u0173 specialisto pareigyb\u0117s apra\u0161ymas<\/p>\n","protected":false},"author":1,"featured_media":0,"parent":0,"menu_order":0,"comment_status":"closed","ping_status":"closed","template":"","meta":{"footnotes":""},"class_list":["post-263","page","type-page","status-publish","hentry"],"yoast_head":"<!-- This site is optimized with the Yoast SEO plugin v21.4 - https:\/\/yoast.com\/wordpress\/plugins\/seo\/ -->\n<title>Karjeros galimyb\u0117s - Vidurio Lietuvos \u017euvininkyst\u0117s vietos veiklos grup\u0117<\/title>\n<meta name=\"robots\" content=\"index, follow, max-snippet:-1, max-image-preview:large, max-video-preview:-1\" \/>\n<link rel=\"canonical\" href=\"https:\/\/vlzvvg.lt\/?page_id=263\" \/>\n<meta property=\"og:locale\" content=\"lt_LT\" \/>\n<meta property=\"og:type\" content=\"article\" \/>\n<meta property=\"og:title\" content=\"Karjeros galimyb\u0117s - Vidurio Lietuvos \u017euvininkyst\u0117s vietos veiklos grup\u0117\" \/>\n<meta property=\"og:description\" content=\"VL\u017dVVG vietos pl\u0117tros strategijos (VPS) administratoriaus pareigyb\u0117s apra\u0161ymas VL\u017dVVG vietos pl\u0117tros strategijos (VPS) administravimo vadovo pareigyb\u0117s apra\u0161ymas VL\u017dVVG vietos pl\u0117tros strategijos (VPS) finansininko pareigyb\u0117s apra\u0161ymas VL\u017dVVG vietos pl\u0117tros strategijos (VPS) vie\u0161\u0173j\u0173 ry\u0161i\u0173 specialisto pareigyb\u0117s apra\u0161ymas\" \/>\n<meta property=\"og:url\" content=\"https:\/\/vlzvvg.lt\/?page_id=263\" \/>\n<meta property=\"og:site_name\" content=\"Vidurio Lietuvos \u017euvininkyst\u0117s vietos veiklos grup\u0117\" \/>\n<meta property=\"article:modified_time\" content=\"2025-03-13T13:25:27+00:00\" \/>\n<meta name=\"twitter:card\" content=\"summary_large_image\" \/>\n<meta name=\"twitter:label1\" content=\"Est. reading time\" \/>\n\t<meta name=\"twitter:data1\" content=\"1 minut\u0117\" \/>\n<script type=\"application\/ld+json\" class=\"yoast-schema-graph\">{\"@context\":\"https:\/\/schema.org\",\"@graph\":[{\"@type\":\"WebPage\",\"@id\":\"https:\/\/vlzvvg.lt\/?page_id=263\",\"url\":\"https:\/\/vlzvvg.lt\/?page_id=263\",\"name\":\"Karjeros galimyb\u0117s - Vidurio Lietuvos \u017euvininkyst\u0117s vietos veiklos grup\u0117\",\"isPartOf\":{\"@id\":\"https:\/\/vlzvvg.lt\/#website\"},\"datePublished\":\"2025-03-13T12:51:34+00:00\",\"dateModified\":\"2025-03-13T13:25:27+00:00\",\"breadcrumb\":{\"@id\":\"https:\/\/vlzvvg.lt\/?page_id=263#breadcrumb\"},\"inLanguage\":\"lt-LT\",\"potentialAction\":[{\"@type\":\"ReadAction\",\"target\":[\"https:\/\/vlzvvg.lt\/?page_id=263\"]}]},{\"@type\":\"BreadcrumbList\",\"@id\":\"https:\/\/vlzvvg.lt\/?page_id=263#breadcrumb\",\"itemListElement\":[{\"@type\":\"ListItem\",\"position\":1,\"name\":\"Home\",\"item\":\"https:\/\/vlzvvg.lt\/\"},{\"@type\":\"ListItem\",\"position\":2,\"name\":\"Karjeros galimyb\u0117s\"}]},{\"@type\":\"WebSite\",\"@id\":\"https:\/\/vlzvvg.lt\/#website\",\"url\":\"https:\/\/vlzvvg.lt\/\",\"name\":\"Vidurio Lietuvos \u017euvininkyst\u0117s vietos veiklos grup\u0117\",\"description\":\"\",\"alternateName\":\"vlzvvg\",\"potentialAction\":[{\"@type\":\"SearchAction\",\"target\":{\"@type\":\"EntryPoint\",\"urlTemplate\":\"https:\/\/vlzvvg.lt\/?s={search_term_string}\"},\"query-input\":\"required name=search_term_string\"}],\"inLanguage\":\"lt-LT\"}]}<\/script>\n<!-- \/ Yoast SEO plugin. -->","yoast_head_json":{"title":"Karjeros galimyb\u0117s - Vidurio Lietuvos \u017euvininkyst\u0117s vietos veiklos grup\u0117","robots":{"index":"index","follow":"follow","max-snippet":"max-snippet:-1","max-image-preview":"max-image-preview:large","max-video-preview":"max-video-preview:-1"},"canonical":"https:\/\/vlzvvg.lt\/?page_id=263","og_locale":"lt_LT","og_type":"article","og_title":"Karjeros galimyb\u0117s - Vidurio Lietuvos \u017euvininkyst\u0117s vietos veiklos grup\u0117","og_description":"VL\u017dVVG vietos pl\u0117tros strategijos (VPS) administratoriaus pareigyb\u0117s apra\u0161ymas VL\u017dVVG vietos pl\u0117tros strategijos (VPS) administravimo vadovo pareigyb\u0117s apra\u0161ymas VL\u017dVVG vietos pl\u0117tros strategijos (VPS) finansininko pareigyb\u0117s apra\u0161ymas VL\u017dVVG vietos pl\u0117tros strategijos (VPS) vie\u0161\u0173j\u0173 ry\u0161i\u0173 specialisto pareigyb\u0117s apra\u0161ymas","og_url":"https:\/\/vlzvvg.lt\/?page_id=263","og_site_name":"Vidurio Lietuvos \u017euvininkyst\u0117s vietos veiklos grup\u0117","article_modified_time":"2025-03-13T13:25:27+00:00","twitter_card":"summary_large_image","twitter_misc":{"Est. reading time":"1 minut\u0117"},"schema":{"@context":"https:\/\/schema.org","@graph":[{"@type":"WebPage","@id":"https:\/\/vlzvvg.lt\/?page_id=263","url":"https:\/\/vlzvvg.lt\/?page_id=263","name":"Karjeros galimyb\u0117s - Vidurio Lietuvos \u017euvininkyst\u0117s vietos veiklos grup\u0117","isPartOf":{"@id":"https:\/\/vlzvvg.lt\/#website"},"datePublished":"2025-03-13T12:51:34+00:00","dateModified":"2025-03-13T13:25:27+00:00","breadcrumb":{"@id":"https:\/\/vlzvvg.lt\/?page_id=263#breadcrumb"},"inLanguage":"lt-LT","potentialAction":[{"@type":"ReadAction","target":["https:\/\/vlzvvg.lt\/?page_id=263"]}]},{"@type":"BreadcrumbList","@id":"https:\/\/vlzvvg.lt\/?page_id=263#breadcrumb","itemListElement":[{"@type":"ListItem","position":1,"name":"Home","item":"https:\/\/vlzvvg.lt\/"},{"@type":"ListItem","position":2,"name":"Karjeros galimyb\u0117s"}]},{"@type":"WebSite","@id":"https:\/\/vlzvvg.lt\/#website","url":"https:\/\/vlzvvg.lt\/","name":"Vidurio Lietuvos \u017euvininkyst\u0117s vietos veiklos grup\u0117","description":"","alternateName":"vlzvvg","potentialAction":[{"@type":"SearchAction","target":{"@type":"EntryPoint","urlTemplate":"https:\/\/vlzvvg.lt\/?s={search_term_string}"},"query-input":"required name=search_term_string"}],"inLanguage":"lt-LT"}]}},"_links":{"self":[{"href":"https:\/\/vlzvvg.lt\/index.php?rest_route=\/wp\/v2\/pages\/263","targetHints":{"allow":["GET"]}}],"collection":[{"href":"https:\/\/vlzvvg.lt\/index.php?rest_route=\/wp\/v2\/pages"}],"about":[{"href":"https:\/\/vlzvvg.lt\/index.php?rest_route=\/wp\/v2\/types\/page"}],"author":[{"embeddable":true,"href":"https:\/\/vlzvvg.lt\/index.php?rest_route=\/wp\/v2\/users\/1"}],"replies":[{"embeddable":true,"href":"https:\/\/vlzvvg.lt\/index.php?rest_route=%2Fwp%2Fv2%2Fcomments&post=263"}],"version-history":[{"count":5,"href":"https:\/\/vlzvvg.lt\/index.php?rest_route=\/wp\/v2\/pages\/263\/revisions"}],"predecessor-version":[{"id":280,"href":"https:\/\/vlzvvg.lt\/index.php?rest_route=\/wp\/v2\/pages\/263\/revisions\/280"}],"wp:attachment":[{"href":"https:\/\/vlzvvg.lt\/index.php?rest_route=%2Fwp%2Fv2%2Fmedia&parent=263"}],"curies":[{"name":"wp","href":"https:\/\/api.w.org\/{rel}","templated":true}]}}